{"id":570,"date":"2023-12-11T12:56:07","date_gmt":"2023-12-11T12:56:07","guid":{"rendered":"https:\/\/oscart.eu\/?page_id=570"},"modified":"2024-06-20T09:06:21","modified_gmt":"2024-06-20T09:06:21","slug":"algemene-brochure","status":"publish","type":"page","link":"https:\/\/www.oscart.eu\/fr\/algemene-brochure\/","title":{"rendered":"Brochure"},"content":{"rendered":"<div data-elementor-type=\"wp-page\" data-elementor-id=\"570\" class=\"elementor elementor-570\">\n\t\t\t\t<div class=\"elementor-element elementor-element-fe070c9 e-flex e-con-boxed e-con e-parent\" data-id=\"fe070c9\" data-element_type=\"container\" data-e-type=\"container\">\n\t\t\t\t\t<div class=\"e-con-inner\">\n\t\t\t\t<div class=\"elementor-element elementor-element-9ab625e elementor-widget elementor-widget-spacer\" data-id=\"9ab625e\" data-element_type=\"widget\" data-e-type=\"widget\" data-widget_type=\"spacer.default\">\n\t\t\t\t<div class=\"elementor-widget-container\">\n\t\t\t\t\t\t\t<div class=\"elementor-spacer\">\n\t\t\t<div class=\"elementor-spacer-inner\"><\/div>\n\t\t<\/div>\n\t\t\t\t\t\t<\/div>\n\t\t\t\t<\/div>\n\t\t\t\t\t<\/div>\n\t\t\t\t<\/div>\n\t\t<div class=\"elementor-element elementor-element-05d357d e-flex e-con-boxed e-con e-parent\" data-id=\"05d357d\" data-element_type=\"container\" data-e-type=\"container\">\n\t\t\t\t\t<div class=\"e-con-inner\">\n\t\t<div class=\"elementor-element elementor-element-d0ca793 e-con-full e-flex e-con e-child\" data-id=\"d0ca793\" data-element_type=\"container\" data-e-type=\"container\">\n\t\t\t\t<div class=\"elementor-element elementor-element-4cb5d28 elementor-widget elementor-widget-text-editor\" data-id=\"4cb5d28\" data-element_type=\"widget\" data-e-type=\"widget\" data-widget_type=\"text-editor.default\">\n\t\t\t\t<div class=\"elementor-widget-container\">\n\t\t\t\t\t\t\t\t\t<p>T\u00e9l\u00e9chargez notre brochure g\u00e9n\u00e9rale<\/p>\t\t\t\t\t\t\t\t<\/div>\n\t\t\t\t<\/div>\n\t\t\t\t<div class=\"elementor-element elementor-element-23dfc7f elementor-widget elementor-widget-text-editor\" data-id=\"23dfc7f\" data-element_type=\"widget\" data-e-type=\"widget\" data-widget_type=\"text-editor.default\">\n\t\t\t\t<div class=\"elementor-widget-container\">\n\t\t\t\t\t\t\t\t\t<p><a href=\"https:\/\/oscart.eu\/wp-content\/uploads\/2023\/12\/oscart_NL.pdf\" target=\"_blank\" rel=\"noopener\">Brochure \u2013 n\u00e9erlandais<\/a><\/p><p><a href=\"https:\/\/oscart.eu\/wp-content\/uploads\/2023\/12\/oscart_fra.pdf\" target=\"_blank\" rel=\"noopener\">Brochure \u2013 fran\u00e7ais<\/a><\/p><p><a href=\"https:\/\/oscart.eu\/wp-content\/uploads\/2023\/12\/oscart_eng.pdf\" target=\"_blank\" rel=\"noopener\">Brochure \u2013 anglais<\/a><\/p><p><a href=\"https:\/\/oscart.eu\/wp-content\/uploads\/2023\/12\/oscart_spa.pdf\" target=\"_blank\" rel=\"noopener\">Folleto \u2013 Espa\u00f1ol<\/a><\/p>\t\t\t\t\t\t\t\t<\/div>\n\t\t\t\t<\/div>\n\t\t\t\t<\/div>\n\t\t<div class=\"elementor-element elementor-element-99d5629 e-con-full e-flex e-con e-child\" data-id=\"99d5629\" data-element_type=\"container\" data-e-type=\"container\">\n\t\t\t\t<div class=\"elementor-element elementor-element-660b0eb elementor-widget elementor-widget-image\" data-id=\"660b0eb\" data-element_type=\"widget\" data-e-type=\"widget\" data-widget_type=\"image.default\">\n\t\t\t\t<div class=\"elementor-widget-container\">\n\t\t\t\t\t\t\t\t\t\t\t\t\t\t\t<img fetchpriority=\"high\" decoding=\"async\" width=\"800\" height=\"600\" src=\"https:\/\/www.oscart.eu\/wp-content\/uploads\/2024\/01\/download-brochure-oscart-owwuwvg6phiugt45nzu6ks1kljixmh84yht5q77q7k.png\" class=\"attachment-large size-large wp-image-1659\" alt=\"Brochures Oscart\" srcset=\"https:\/\/www.oscart.eu\/wp-content\/uploads\/2024\/01\/download-brochure-oscart-owwuwvg6phiugt45nzu6ks1kljixmh84yht5q77q7k.png 800w, https:\/\/www.oscart.eu\/wp-content\/uploads\/2024\/01\/download-brochure-oscart-owwuwvg6phiugt45nzu6ks1kljixmh84yht5q77q7k-300x225.png 300w, https:\/\/www.oscart.eu\/wp-content\/uploads\/2024\/01\/download-brochure-oscart-owwuwvg6phiugt45nzu6ks1kljixmh84yht5q77q7k-768x576.png 768w, https:\/\/www.oscart.eu\/wp-content\/uploads\/2024\/01\/download-brochure-oscart-owwuwvg6phiugt45nzu6ks1kljixmh84yht5q77q7k-16x12.png 16w, https:\/\/www.oscart.eu\/wp-content\/uploads\/2024\/01\/download-brochure-oscart-owwuwvg6phiugt45nzu6ks1kljixmh84yht5q77q7k-600x450.png 600w, https:\/\/www.oscart.eu\/wp-content\/uploads\/2024\/01\/download-brochure-oscart-owwuwvg6phiugt45nzu6ks1kljixmh84yht5q77q7k-400x300.png 400w, https:\/\/www.oscart.eu\/wp-content\/uploads\/2024\/01\/download-brochure-oscart-owwuwvg6phiugt45nzu6ks1kljixmh84yht5q77q7k-200x150.png 200w\" sizes=\"(max-width: 800px) 100vw, 800px\" \/>\t\t\t\t\t\t\t\t\t\t\t\t\t\t\t<\/div>\n\t\t\t\t<\/div>\n\t\t\t\t<\/div>\n\t\t\t\t\t<\/div>\n\t\t\t\t<\/div>\n\t\t\t\t<\/div>","protected":false},"excerpt":{"rendered":"<p>\/*! elementor \u2013 v3.19.0 \u2013 07\/02\/2024 *\/ .elementor-column .elementor-spacer-inner{hauteur:var(\u2013spacer-size)}.e-con{\u2013container-widget-width:100%}.e -con-inner&gt;.elementor-widget-spacer,.e-con&gt;.elementor-widget-spacer{largeur:var(\u2013container-widget-widt<\/p>","protected":false},"author":242907533,"featured_media":0,"parent":0,"menu_order":0,"comment_status":"closed","ping_status":"closed","template":"","meta":{"footnotes":""},"class_list":["post-570","page","type-page","status-publish","hentry"],"yoast_head":"<!-- This site is optimized with the Yoast SEO plugin v24.1 - https:\/\/yoast.com\/wordpress\/plugins\/seo\/ -->\n<title>Algemene brochure<\/title>\n<meta name=\"description\" content=\"Maak kennis met Oscart, een geavanceerde cloud-tool voor het beheren van digitale informatieschermen. Download onze algemene brochure.\" \/>\n<meta name=\"robots\" content=\"index, follow, max-snippet:-1, max-image-preview:large, max-video-preview:-1\" \/>\n<link rel=\"canonical\" href=\"https:\/\/www.oscart.eu\/fr\/algemene-brochure\/\" \/>\n<meta property=\"og:locale\" content=\"fr_FR\" \/>\n<meta property=\"og:type\" content=\"article\" \/>\n<meta property=\"og:title\" content=\"Algemene brochure\" \/>\n<meta property=\"og:description\" content=\"Maak kennis met Oscart, een geavanceerde cloud-tool voor het beheren van digitale informatieschermen. Download onze algemene brochure.\" \/>\n<meta property=\"og:url\" content=\"https:\/\/www.oscart.eu\/fr\/algemene-brochure\/\" \/>\n<meta property=\"og:site_name\" content=\"Oscart\" \/>\n<meta property=\"article:modified_time\" content=\"2024-06-20T09:06:21+00:00\" \/>\n<meta name=\"twitter:card\" content=\"summary_large_image\" \/>\n<script type=\"application\/ld+json\" class=\"yoast-schema-graph\">{\"@context\":\"https:\/\/schema.org\",\"@graph\":[{\"@type\":\"WebPage\",\"@id\":\"https:\/\/www.oscart.eu\/en\/algemene-brochure\/\",\"url\":\"https:\/\/www.oscart.eu\/en\/algemene-brochure\/\",\"name\":\"Algemene brochure\",\"isPartOf\":{\"@id\":\"https:\/\/www.oscart.eu\/#website\"},\"datePublished\":\"2023-12-11T12:56:07+00:00\",\"dateModified\":\"2024-06-20T09:06:21+00:00\",\"description\":\"Maak kennis met Oscart, een geavanceerde cloud-tool voor het beheren van digitale informatieschermen. Download onze algemene brochure.\",\"breadcrumb\":{\"@id\":\"https:\/\/www.oscart.eu\/en\/algemene-brochure\/#breadcrumb\"},\"inLanguage\":\"fr-BE\",\"potentialAction\":[{\"@type\":\"ReadAction\",\"target\":[\"https:\/\/www.oscart.eu\/en\/algemene-brochure\/\"]}]},{\"@type\":\"BreadcrumbList\",\"@id\":\"https:\/\/www.oscart.eu\/en\/algemene-brochure\/#breadcrumb\",\"itemListElement\":[{\"@type\":\"ListItem\",\"position\":1,\"name\":\"Home\",\"item\":\"https:\/\/www.oscart.eu\/\"},{\"@type\":\"ListItem\",\"position\":2,\"name\":\"Brochure\"}]},{\"@type\":\"WebSite\",\"@id\":\"https:\/\/www.oscart.eu\/#website\",\"url\":\"https:\/\/www.oscart.eu\/\",\"name\":\"Oscart\",\"description\":\"Your story, your screen\",\"publisher\":{\"@id\":\"https:\/\/www.oscart.eu\/#organization\"},\"potentialAction\":[{\"@type\":\"SearchAction\",\"target\":{\"@type\":\"EntryPoint\",\"urlTemplate\":\"https:\/\/www.oscart.eu\/?s={search_term_string}\"},\"query-input\":{\"@type\":\"PropertyValueSpecification\",\"valueRequired\":true,\"valueName\":\"search_term_string\"}}],\"inLanguage\":\"fr-BE\"},{\"@type\":\"Organization\",\"@id\":\"https:\/\/www.oscart.eu\/#organization\",\"name\":\"Oscart\",\"url\":\"https:\/\/www.oscart.eu\/\",\"logo\":{\"@type\":\"ImageObject\",\"inLanguage\":\"fr-BE\",\"@id\":\"https:\/\/www.oscart.eu\/#\/schema\/logo\/image\/\",\"url\":\"https:\/\/www.oscart.eu\/wp-content\/uploads\/2024\/05\/logo-oscart.svg\",\"contentUrl\":\"https:\/\/www.oscart.eu\/wp-content\/uploads\/2024\/05\/logo-oscart.svg\",\"width\":250,\"height\":79,\"caption\":\"Oscart\"},\"image\":{\"@id\":\"https:\/\/www.oscart.eu\/#\/schema\/logo\/image\/\"}}]}<\/script>\n<!-- \/ Yoast SEO plugin. -->","yoast_head_json":{"title":"Algemene brochure","description":"Maak kennis met Oscart, een geavanceerde cloud-tool voor het beheren van digitale informatieschermen. Download onze algemene brochure.","robots":{"index":"index","follow":"follow","max-snippet":"max-snippet:-1","max-image-preview":"max-image-preview:large","max-video-preview":"max-video-preview:-1"},"canonical":"https:\/\/www.oscart.eu\/fr\/algemene-brochure\/","og_locale":"fr_FR","og_type":"article","og_title":"Algemene brochure","og_description":"Maak kennis met Oscart, een geavanceerde cloud-tool voor het beheren van digitale informatieschermen. Download onze algemene brochure.","og_url":"https:\/\/www.oscart.eu\/fr\/algemene-brochure\/","og_site_name":"Oscart","article_modified_time":"2024-06-20T09:06:21+00:00","twitter_card":"summary_large_image","schema":{"@context":"https:\/\/schema.org","@graph":[{"@type":"WebPage","@id":"https:\/\/www.oscart.eu\/en\/algemene-brochure\/","url":"https:\/\/www.oscart.eu\/en\/algemene-brochure\/","name":"Algemene brochure","isPartOf":{"@id":"https:\/\/www.oscart.eu\/#website"},"datePublished":"2023-12-11T12:56:07+00:00","dateModified":"2024-06-20T09:06:21+00:00","description":"Maak kennis met Oscart, een geavanceerde cloud-tool voor het beheren van digitale informatieschermen. Download onze algemene brochure.","breadcrumb":{"@id":"https:\/\/www.oscart.eu\/en\/algemene-brochure\/#breadcrumb"},"inLanguage":"fr-BE","potentialAction":[{"@type":"ReadAction","target":["https:\/\/www.oscart.eu\/en\/algemene-brochure\/"]}]},{"@type":"BreadcrumbList","@id":"https:\/\/www.oscart.eu\/en\/algemene-brochure\/#breadcrumb","itemListElement":[{"@type":"ListItem","position":1,"name":"Home","item":"https:\/\/www.oscart.eu\/"},{"@type":"ListItem","position":2,"name":"Brochure"}]},{"@type":"WebSite","@id":"https:\/\/www.oscart.eu\/#website","url":"https:\/\/www.oscart.eu\/","name":"Oscart","description":"Votre histoire, votre \u00e9cran","publisher":{"@id":"https:\/\/www.oscart.eu\/#organization"},"potentialAction":[{"@type":"SearchAction","target":{"@type":"EntryPoint","urlTemplate":"https:\/\/www.oscart.eu\/?s={search_term_string}"},"query-input":{"@type":"PropertyValueSpecification","valueRequired":true,"valueName":"search_term_string"}}],"inLanguage":"fr-BE"},{"@type":"Organization","@id":"https:\/\/www.oscart.eu\/#organization","name":"Oscart","url":"https:\/\/www.oscart.eu\/","logo":{"@type":"ImageObject","inLanguage":"fr-BE","@id":"https:\/\/www.oscart.eu\/#\/schema\/logo\/image\/","url":"https:\/\/www.oscart.eu\/wp-content\/uploads\/2024\/05\/logo-oscart.svg","contentUrl":"https:\/\/www.oscart.eu\/wp-content\/uploads\/2024\/05\/logo-oscart.svg","width":250,"height":79,"caption":"Oscart"},"image":{"@id":"https:\/\/www.oscart.eu\/#\/schema\/logo\/image\/"}}]}},"_links":{"self":[{"href":"https:\/\/www.oscart.eu\/fr\/wp-json\/wp\/v2\/pages\/570","targetHints":{"allow":["GET"]}}],"collection":[{"href":"https:\/\/www.oscart.eu\/fr\/wp-json\/wp\/v2\/pages"}],"about":[{"href":"https:\/\/www.oscart.eu\/fr\/wp-json\/wp\/v2\/types\/page"}],"author":[{"embeddable":true,"href":"https:\/\/www.oscart.eu\/fr\/wp-json\/wp\/v2\/users\/242907533"}],"replies":[{"embeddable":true,"href":"https:\/\/www.oscart.eu\/fr\/wp-json\/wp\/v2\/comments?post=570"}],"version-history":[{"count":15,"href":"https:\/\/www.oscart.eu\/fr\/wp-json\/wp\/v2\/pages\/570\/revisions"}],"predecessor-version":[{"id":2062,"href":"https:\/\/www.oscart.eu\/fr\/wp-json\/wp\/v2\/pages\/570\/revisions\/2062"}],"wp:attachment":[{"href":"https:\/\/www.oscart.eu\/fr\/wp-json\/wp\/v2\/media?parent=570"}],"curies":[{"name":"wp","href":"https:\/\/api.w.org\/{rel}","templated":true}]}}