{"id":519,"date":"2023-12-11T10:48:27","date_gmt":"2023-12-11T10:48:27","guid":{"rendered":"https:\/\/oscart.eu\/?page_id=519"},"modified":"2026-04-25T16:03:27","modified_gmt":"2026-04-25T16:03:27","slug":"ocmw-menen","status":"publish","type":"page","link":"https:\/\/www.oscart.eu\/fr\/ocmw-menen\/","title":{"rendered":"CPAS Menin"},"content":{"rendered":"<div data-elementor-type=\"wp-page\" data-elementor-id=\"519\" class=\"elementor elementor-519\">\n\t\t\t\t<div class=\"elementor-element elementor-element-e35f7dd e-flex e-con-boxed e-con e-parent\" data-id=\"e35f7dd\" data-element_type=\"container\" data-e-type=\"container\">\n\t\t\t\t\t<div class=\"e-con-inner\">\n\t\t\t\t<div class=\"elementor-element elementor-element-58fe879 elementor-widget elementor-widget-text-editor\" data-id=\"58fe879\" data-element_type=\"widget\" data-e-type=\"widget\" data-widget_type=\"text-editor.default\">\n\t\t\t\t<div class=\"elementor-widget-container\">\n\t\t\t\t\t\t\t\t\t<p>CPAS Menin<\/p>\t\t\t\t\t\t\t\t<\/div>\n\t\t\t\t<\/div>\n\t\t\t\t<div class=\"elementor-element elementor-element-bb56620 elementor-widget elementor-widget-spacer\" data-id=\"bb56620\" data-element_type=\"widget\" data-e-type=\"widget\" data-widget_type=\"spacer.default\">\n\t\t\t\t<div class=\"elementor-widget-container\">\n\t\t\t\t\t\t\t<div class=\"elementor-spacer\">\n\t\t\t<div class=\"elementor-spacer-inner\"><\/div>\n\t\t<\/div>\n\t\t\t\t\t\t<\/div>\n\t\t\t\t<\/div>\n\t\t\t\t\t<\/div>\n\t\t\t\t<\/div>\n\t\t<div class=\"elementor-element elementor-element-bfb6a3b e-flex e-con-boxed e-con e-parent\" data-id=\"bfb6a3b\" data-element_type=\"container\" data-e-type=\"container\">\n\t\t\t\t\t<div class=\"e-con-inner\">\n\t\t\t\t<div class=\"elementor-element elementor-element-27b67e8 elementor-widget elementor-widget-image\" data-id=\"27b67e8\" data-element_type=\"widget\" data-e-type=\"widget\" data-widget_type=\"image.default\">\n\t\t\t\t<div class=\"elementor-widget-container\">\n\t\t\t\t\t\t\t\t\t\t\t\t\t\t\t<img decoding=\"async\" width=\"200\" height=\"80\" src=\"https:\/\/www.oscart.eu\/wp-content\/uploads\/2024\/01\/OCMW-Menen-ovluu11a571rpwf23or9c3cejwgxwh3bw5ojagjtpc.jpg\" class=\"attachment-full size-full wp-image-1455\" alt=\"OCMW Menen logo\" srcset=\"https:\/\/www.oscart.eu\/wp-content\/uploads\/2024\/01\/OCMW-Menen-ovluu11a571rpwf23or9c3cejwgxwh3bw5ojagjtpc.jpg 200w, https:\/\/www.oscart.eu\/wp-content\/uploads\/2024\/01\/OCMW-Menen-ovluu11a571rpwf23or9c3cejwgxwh3bw5ojagjtpc-18x7.jpg 18w\" sizes=\"(max-width: 200px) 100vw, 200px\" \/>\t\t\t\t\t\t\t\t\t\t\t\t\t\t\t<\/div>\n\t\t\t\t<\/div>\n\t\t\t\t<div class=\"elementor-element elementor-element-96744c1 elementor-widget elementor-widget-text-editor\" data-id=\"96744c1\" data-element_type=\"widget\" data-e-type=\"widget\" data-widget_type=\"text-editor.default\">\n\t\t\t\t<div class=\"elementor-widget-container\">\n\t\t\t\t\t\t\t\t\t<p>En Belgique, le CPAS propose une large gamme de services sociaux, allant du soutien financier et m\u00e9dical au logement et aux conseils juridiques. Dans le cadre de leur offre, ils g\u00e8rent \u00e9galement plusieurs maisons de retraite pour personnes \u00e2g\u00e9es. En 2014, le CPAS Menen a lanc\u00e9 la construction d&#039;Andante, un nouveau centre de soins et d&#039;h\u00e9bergement en p\u00e9riph\u00e9rie de la ville. Souhaitant offrir \u00e0 ses r\u00e9sidents un logement confortable, ils ont recherch\u00e9 un prestataire capable de les aider \u00e0 mettre en place une solution IPTV dans la chambre.<\/p>\t\t\t\t\t\t\t\t<\/div>\n\t\t\t\t<\/div>\n\t\t\t\t<div class=\"elementor-element elementor-element-9f7b0c5 elementor-widget elementor-widget-spacer\" data-id=\"9f7b0c5\" data-element_type=\"widget\" data-e-type=\"widget\" data-widget_type=\"spacer.default\">\n\t\t\t\t<div class=\"elementor-widget-container\">\n\t\t\t\t\t\t\t<div class=\"elementor-spacer\">\n\t\t\t<div class=\"elementor-spacer-inner\"><\/div>\n\t\t<\/div>\n\t\t\t\t\t\t<\/div>\n\t\t\t\t<\/div>\n\t\t\t\t<div class=\"elementor-element elementor-element-12dc263 elementor-widget elementor-widget-text-editor\" data-id=\"12dc263\" data-element_type=\"widget\" data-e-type=\"widget\" data-widget_type=\"text-editor.default\">\n\t\t\t\t<div class=\"elementor-widget-container\">\n\t\t\t\t\t\t\t\t\t<p>D\u00e9fi<\/p>\t\t\t\t\t\t\t\t<\/div>\n\t\t\t\t<\/div>\n\t\t\t\t<div class=\"elementor-element elementor-element-65f583d elementor-widget elementor-widget-text-editor\" data-id=\"65f583d\" data-element_type=\"widget\" data-e-type=\"widget\" data-widget_type=\"text-editor.default\">\n\t\t\t\t<div class=\"elementor-widget-container\">\n\t\t\t\t\t\t\t\t\t<p><span style=\"color: #333333;\">En tant qu&#039;int\u00e9grateur de syst\u00e8mes avec pr\u00e8s de 40 ans d&#039;exp\u00e9rience dans les solutions pour les h\u00f4pitaux, les h\u00f4tels, les prisons et bien d&#039;autres encore, Oscart avait une compr\u00e9hension approfondie de toutes les possibilit\u00e9s qu&#039;offre l&#039;IPTV. Ils ont mis le CPAS au d\u00e9fi de penser au-del\u00e0 du divertissement dans la chambre et de r\u00e9fl\u00e9chir \u00e0 la mani\u00e8re dont les \u00e9crans professionnels Philips pourraient \u00eatre utilis\u00e9s pour am\u00e9liorer la vie quotidienne des r\u00e9sidents, sans cr\u00e9er de travail suppl\u00e9mentaire pour le personnel d&#039;Andante.<\/span><\/p>\t\t\t\t\t\t\t\t<\/div>\n\t\t\t\t<\/div>\n\t\t\t\t<div class=\"elementor-element elementor-element-f7c6bbd elementor-widget elementor-widget-image\" data-id=\"f7c6bbd\" data-element_type=\"widget\" data-e-type=\"widget\" data-widget_type=\"image.default\">\n\t\t\t\t<div class=\"elementor-widget-container\">\n\t\t\t\t\t\t\t\t\t\t\t\t\t\t\t<img decoding=\"async\" src=\"https:\/\/www.oscart.eu\/wp-content\/uploads\/2025\/03\/Tele-Signal_Electronics_Case_Study_Web_Pagina_1_1552x0-768x1086-1.jpg\" title=\"\" alt=\"\" loading=\"lazy\" \/>\t\t\t\t\t\t\t\t\t\t\t\t\t\t\t<\/div>\n\t\t\t\t<\/div>\n\t\t\t\t<div class=\"elementor-element elementor-element-dde0f44 elementor-widget elementor-widget-spacer\" data-id=\"dde0f44\" data-element_type=\"widget\" data-e-type=\"widget\" data-widget_type=\"spacer.default\">\n\t\t\t\t<div class=\"elementor-widget-container\">\n\t\t\t\t\t\t\t<div class=\"elementor-spacer\">\n\t\t\t<div class=\"elementor-spacer-inner\"><\/div>\n\t\t<\/div>\n\t\t\t\t\t\t<\/div>\n\t\t\t\t<\/div>\n\t\t\t\t\t<\/div>\n\t\t\t\t<\/div>\n\t\t<div class=\"elementor-element elementor-element-8ab2a83 e-flex e-con-boxed e-con e-parent\" data-id=\"8ab2a83\" data-element_type=\"container\" data-e-type=\"container\" data-settings=\"{&quot;background_background&quot;:&quot;gradient&quot;}\">\n\t\t\t\t\t<div class=\"e-con-inner\">\n\t\t\t\t<div class=\"elementor-element elementor-element-bd300d8 elementor-widget elementor-widget-text-editor\" data-id=\"bd300d8\" data-element_type=\"widget\" data-e-type=\"widget\" data-widget_type=\"text-editor.default\">\n\t\t\t\t<div class=\"elementor-widget-container\">\n\t\t\t\t\t\t\t\t\t<p>Solution<\/p>\t\t\t\t\t\t\t\t<\/div>\n\t\t\t\t<\/div>\n\t\t\t\t<div class=\"elementor-element elementor-element-c63e11e elementor-widget elementor-widget-text-editor\" data-id=\"c63e11e\" data-element_type=\"widget\" data-e-type=\"widget\" data-widget_type=\"text-editor.default\">\n\t\t\t\t<div class=\"elementor-widget-container\">\n\t\t\t\t\t\t\t\t\t<p>Pour y parvenir, Oscart a mis en place une solution compl\u00e8te r\u00e9pondant aux besoins du centre de soins, de ses r\u00e9sidents et de leurs visiteurs. La nouvelle configuration comprenait des t\u00e9l\u00e9viseurs Philips dans la salle, des \u00e9crans et une signalisation dans les espaces communs, ainsi que des applications tactiles pour une interaction facile. Comme promis, le nouveau syst\u00e8me va bien au-del\u00e0 du divertissement en chambre. Oscart, par exemple, a cr\u00e9\u00e9 un canal d&#039;information personnalis\u00e9 pour Andante. Le syst\u00e8me de gestion de contenu facile \u00e0 utiliser permet au personnel de fournir aux r\u00e9sidents des mises \u00e0 jour via leur t\u00e9l\u00e9viseur, telles que les menus du jour et les \u00e9v\u00e9nements \u00e0 venir. Les t\u00e9l\u00e9viseurs des chambres sont \u00e9galement reli\u00e9s \u00e0 un service \u00e0 \u00e9cran tactile \u00e0 la r\u00e9ception, le People Locator. Lorsque les visiteurs arrivent, ils utilisent l&#039;\u00e9cran pour indiquer \u00e0 qui ils rendent visite, alertant automatiquement le r\u00e9sident de l&#039;arriv\u00e9e d&#039;un visiteur. Il est m\u00eame possible d&#039;envoyer des photos et des messages personnels via le m\u00eame syst\u00e8me.<\/p>\t\t\t\t\t\t\t\t<\/div>\n\t\t\t\t<\/div>\n\t\t\t\t<div class=\"elementor-element elementor-element-3fd1b58 elementor-widget elementor-widget-image\" data-id=\"3fd1b58\" data-element_type=\"widget\" data-e-type=\"widget\" data-widget_type=\"image.default\">\n\t\t\t\t<div class=\"elementor-widget-container\">\n\t\t\t\t\t\t\t\t\t\t\t\t\t\t\t<img decoding=\"async\" src=\"https:\/\/www.oscart.eu\/wp-content\/uploads\/2025\/03\/Tele-Signal_Electronics_Case_Study_Web_Pagina_2_1552x0-1087x1536-1.jpg\" title=\"\" alt=\"\" loading=\"lazy\" \/>\t\t\t\t\t\t\t\t\t\t\t\t\t\t\t<\/div>\n\t\t\t\t<\/div>\n\t\t\t\t<div class=\"elementor-element elementor-element-e847db2 elementor-widget elementor-widget-spacer\" data-id=\"e847db2\" data-element_type=\"widget\" data-e-type=\"widget\" data-widget_type=\"spacer.default\">\n\t\t\t\t<div class=\"elementor-widget-container\">\n\t\t\t\t\t\t\t<div class=\"elementor-spacer\">\n\t\t\t<div class=\"elementor-spacer-inner\"><\/div>\n\t\t<\/div>\n\t\t\t\t\t\t<\/div>\n\t\t\t\t<\/div>\n\t\t\t\t\t<\/div>\n\t\t\t\t<\/div>\n\t\t<div class=\"elementor-element elementor-element-7584884 e-flex e-con-boxed e-con e-parent\" data-id=\"7584884\" data-element_type=\"container\" data-e-type=\"container\">\n\t\t\t\t\t<div class=\"e-con-inner\">\n\t\t\t\t<div class=\"elementor-element elementor-element-3cbac1e elementor-widget elementor-widget-text-editor\" data-id=\"3cbac1e\" data-element_type=\"widget\" data-e-type=\"widget\" data-widget_type=\"text-editor.default\">\n\t\t\t\t<div class=\"elementor-widget-container\">\n\t\t\t\t\t\t\t\t\t<p>Avantages<\/p>\t\t\t\t\t\t\t\t<\/div>\n\t\t\t\t<\/div>\n\t\t\t\t<div class=\"elementor-element elementor-element-ff172f6 elementor-widget elementor-widget-text-editor\" data-id=\"ff172f6\" data-element_type=\"widget\" data-e-type=\"widget\" data-widget_type=\"text-editor.default\">\n\t\t\t\t<div class=\"elementor-widget-container\">\n\t\t\t\t\t\t\t\t\t<p><strong>Un syst\u00e8me unique avec d&#039;\u00e9normes possibilit\u00e9s : <\/strong>Oscart a utilis\u00e9 un r\u00e9seau IPTV professionnel avec des \u00e9crans professionnels de Philips pour r\u00e9pondre \u00e0 divers besoins, de la signalisation et du divertissement \u00e0 la communication avec les r\u00e9sidents.<\/p>\n<p><strong>Une nouvelle fa\u00e7on d&#039;interagir avec les r\u00e9sidents :<\/strong>&nbsp;le localisateur de personnes innovant offre aux r\u00e9sidents une tranquillit\u00e9 d&#039;esprit en les alertant du passage des visiteurs. Cela permet \u00e9galement aux visiteurs, m\u00e9decins et autres employ\u00e9s (m\u00e9dicaux) de trouver rapidement un r\u00e9sident sp\u00e9cifique.<\/p>\n<p><strong>Gestion de contenu facile \u00e0 utiliser\u00a0:<\/strong>&nbsp;De la mise \u00e0 jour de leur canal d&#039;information personnalis\u00e9 \u00e0 la publication du menu de ce soir, le syst\u00e8me de gestion de contenu Oscart permet au personnel d&#039;ajouter facilement de nouvelles informations aux affichages.<\/p>\n<p><strong>Un partenariat complet et \u00e0 long terme\u00a0:<\/strong>&nbsp;Du terrain \u00e0 la mise en \u0153uvre en passant par le support continu, Oscart a travaill\u00e9 en \u00e9troite collaboration avec le CPAS Menen \u00e0 chaque \u00e9tape du processus. Le partenariat de longue date entre Philips et Oscart a \u00e9galement \u00e9t\u00e9 crucial pour surmonter les d\u00e9fis et d\u00e9velopper des solutions cr\u00e9atives et pr\u00e9cieuses pour Andante.<\/p>\n<p>Oscart a h\u00e2te de r\u00e9pondre aux besoins d&#039;information et de divertissement d&#039;Andante et de ses r\u00e9sidents pour les ann\u00e9es \u00e0 venir.<\/p>\t\t\t\t\t\t\t\t<\/div>\n\t\t\t\t<\/div>\n\t\t\t\t\t<\/div>\n\t\t\t\t<\/div>\n\t\t<div class=\"elementor-element elementor-element-4de83fa e-flex e-con-boxed e-con e-parent\" data-id=\"4de83fa\" data-element_type=\"container\" data-e-type=\"container\">\n\t\t\t\t\t<div class=\"e-con-inner\">\n\t\t<div class=\"elementor-element elementor-element-a4f5b51 e-con-full e-flex e-con e-child\" data-id=\"a4f5b51\" data-element_type=\"container\" data-e-type=\"container\">\n\t\t\t\t<div class=\"elementor-element elementor-element-31270fb elementor-view-default elementor-widget elementor-widget-icon\" data-id=\"31270fb\" data-element_type=\"widget\" data-e-type=\"widget\" data-widget_type=\"icon.default\">\n\t\t\t\t<div class=\"elementor-widget-container\">\n\t\t\t\t\t\t\t<div class=\"elementor-icon-wrapper\">\n\t\t\t<div class=\"elementor-icon\">\n\t\t\t<svg aria-hidden=\"true\" class=\"e-font-icon-svg e-fas-comment-medical\" viewbox=\"0 0 512 512\" xmlns=\"http:\/\/www.w3.org\/2000\/svg\"><path d=\"M256 32C114.62 32 0 125.12 0 240c0 49.56 21.41 95 57 130.74C44.46 421.05 2.7 466 2.2 466.5A8 8 0 0 0 8 480c66.26 0 116-31.75 140.6-51.38A304.66 304.66 0 0 0 256 448c141.39 0 256-93.12 256-208S397.39 32 256 32zm96 232a8 8 0 0 1-8 8h-56v56a8 8 0 0 1-8 8h-48a8 8 0 0 1-8-8v-56h-56a8 8 0 0 1-8-8v-48a8 8 0 0 1 8-8h56v-56a8 8 0 0 1 8-8h48a8 8 0 0 1 8 8v56h56a8 8 0 0 1 8 8z\"><\/path><\/svg>\t\t\t<\/div>\n\t\t<\/div>\n\t\t\t\t\t\t<\/div>\n\t\t\t\t<\/div>\n\t\t\t\t<div class=\"elementor-element elementor-element-f94cf0d elementor-widget elementor-widget-text-editor\" data-id=\"f94cf0d\" data-element_type=\"widget\" data-e-type=\"widget\" data-widget_type=\"text-editor.default\">\n\t\t\t\t<div class=\"elementor-widget-container\">\n\t\t\t\t\t\t\t\t\t<p>Question ou probl\u00e8me technique ?\u00a0<a href=\"\/fr\/support\/\">Contactez notre support<\/a>.<\/p>\t\t\t\t\t\t\t\t<\/div>\n\t\t\t\t<\/div>\n\t\t\t\t<\/div>\n\t\t<div class=\"elementor-element elementor-element-b5dbecf e-con-full e-flex e-con e-child\" data-id=\"b5dbecf\" data-element_type=\"container\" data-e-type=\"container\">\n\t\t\t\t<div class=\"elementor-element elementor-element-b0db61f elementor-view-default elementor-widget elementor-widget-icon\" data-id=\"b0db61f\" data-element_type=\"widget\" data-e-type=\"widget\" data-widget_type=\"icon.default\">\n\t\t\t\t<div class=\"elementor-widget-container\">\n\t\t\t\t\t\t\t<div class=\"elementor-icon-wrapper\">\n\t\t\t<div class=\"elementor-icon\">\n\t\t\t<svg aria-hidden=\"true\" class=\"e-font-icon-svg e-fas-coffee\" viewbox=\"0 0 640 512\" xmlns=\"http:\/\/www.w3.org\/2000\/svg\"><path d=\"M192 384h192c53 0 96-43 96-96h32c70.6 0 128-57.4 128-128S582.6 32 512 32H120c-13.3 0-24 10.7-24 24v232c0 53 43 96 96 96zM512 96c35.3 0 64 28.7 64 64s-28.7 64-64 64h-32V96h32zm47.7 384H48.3c-47.6 0-61-64-36-64h583.3c25 0 11.8 64-35.9 64z\"><\/path><\/svg>\t\t\t<\/div>\n\t\t<\/div>\n\t\t\t\t\t\t<\/div>\n\t\t\t\t<\/div>\n\t\t\t\t<div class=\"elementor-element elementor-element-2eab645 elementor-widget elementor-widget-text-editor\" data-id=\"2eab645\" data-element_type=\"widget\" data-e-type=\"widget\" data-widget_type=\"text-editor.default\">\n\t\t\t\t<div class=\"elementor-widget-container\">\n\t\t\t\t\t\t\t\t\t<p>Oscart vous int\u00e9resse et vous souhaitez plus d\u2019informations ou une d\u00e9mo ? Donnez-en juste un\u00a0<a href=\"\/fr\/contact\/\">signal<\/a>!<\/p>\t\t\t\t\t\t\t\t<\/div>\n\t\t\t\t<\/div>\n\t\t\t\t<\/div>\n\t\t\t\t\t<\/div>\n\t\t\t\t<\/div>\n\t\t\t\t<\/div>","protected":false},"excerpt":{"rendered":"<p>OCMW Menen In Belgi\u00eb biedt het OCMW een breed gamma aan sociale diensten aan, van financi\u00eble en medische ondersteuning tot huisvesting en juridisch advies. Als onderdeel van hun aanbod beheren ze ook verschillende verzorgingshuizen voor ouderen. In 2014 begon OCMW Menen met de bouw van Andante, een nieuw woonzorgcentrum aan de rand van de stad. [&hellip;]<\/p>\n","protected":false},"author":242907533,"featured_media":0,"parent":0,"menu_order":0,"comment_status":"closed","ping_status":"closed","template":"","meta":{"footnotes":""},"class_list":["post-519","page","type-page","status-publish","hentry"],"yoast_head":"<!-- This site is optimized with the Yoast SEO plugin v24.1 - https:\/\/yoast.com\/wordpress\/plugins\/seo\/ -->\n<title>OCMW Menen<\/title>\n<meta name=\"description\" content=\"Oscart zorgde voor een complete oplossing die inspeelt op de behoeften van het zorgcentrum, de bewoners en de bezoekers van OCMW Menen.\" \/>\n<meta name=\"robots\" content=\"index, follow, max-snippet:-1, max-image-preview:large, max-video-preview:-1\" \/>\n<link rel=\"canonical\" href=\"https:\/\/www.oscart.eu\/fr\/ocmw-menen\/\" \/>\n<meta property=\"og:locale\" content=\"fr_FR\" \/>\n<meta property=\"og:type\" content=\"article\" \/>\n<meta property=\"og:title\" content=\"OCMW Menen\" \/>\n<meta property=\"og:description\" content=\"Oscart zorgde voor een complete oplossing die inspeelt op de behoeften van het zorgcentrum, de bewoners en de bezoekers van OCMW Menen.\" \/>\n<meta property=\"og:url\" content=\"https:\/\/www.oscart.eu\/fr\/ocmw-menen\/\" \/>\n<meta property=\"og:site_name\" content=\"Oscart\" \/>\n<meta property=\"article:modified_time\" content=\"2026-04-25T16:03:27+00:00\" \/>\n<meta property=\"og:image\" content=\"https:\/\/www.oscart.eu\/wp-content\/uploads\/2024\/01\/OCMW-Menen-ovluu11a571rpwf23or9c3cejwgxwh3bw5ojagjtpc.jpg\" \/>\n\t<meta property=\"og:image:width\" content=\"200\" \/>\n\t<meta property=\"og:image:height\" content=\"80\" \/>\n\t<meta property=\"og:image:type\" content=\"image\/jpeg\" \/>\n<meta name=\"twitter:card\" content=\"summary_large_image\" \/>\n<meta name=\"twitter:label1\" content=\"Dur\u00e9e de lecture est.\" \/>\n\t<meta name=\"twitter:data1\" content=\"3 minutes\" \/>\n<script type=\"application\/ld+json\" class=\"yoast-schema-graph\">{\"@context\":\"https:\/\/schema.org\",\"@graph\":[{\"@type\":\"WebPage\",\"@id\":\"https:\/\/www.oscart.eu\/ocmw-menen\/\",\"url\":\"https:\/\/www.oscart.eu\/ocmw-menen\/\",\"name\":\"OCMW Menen\",\"isPartOf\":{\"@id\":\"https:\/\/www.oscart.eu\/#website\"},\"primaryImageOfPage\":{\"@id\":\"https:\/\/www.oscart.eu\/ocmw-menen\/#primaryimage\"},\"image\":{\"@id\":\"https:\/\/www.oscart.eu\/ocmw-menen\/#primaryimage\"},\"thumbnailUrl\":\"https:\/\/www.oscart.eu\/wp-content\/uploads\/2024\/01\/OCMW-Menen-ovluu11a571rpwf23or9c3cejwgxwh3bw5ojagjtpc.jpg\",\"datePublished\":\"2023-12-11T10:48:27+00:00\",\"dateModified\":\"2026-04-25T16:03:27+00:00\",\"description\":\"Oscart zorgde voor een complete oplossing die inspeelt op de behoeften van het zorgcentrum, de bewoners en de bezoekers van OCMW Menen.\",\"breadcrumb\":{\"@id\":\"https:\/\/www.oscart.eu\/ocmw-menen\/#breadcrumb\"},\"inLanguage\":\"fr-BE\",\"potentialAction\":[{\"@type\":\"ReadAction\",\"target\":[\"https:\/\/www.oscart.eu\/ocmw-menen\/\"]}]},{\"@type\":\"ImageObject\",\"inLanguage\":\"fr-BE\",\"@id\":\"https:\/\/www.oscart.eu\/ocmw-menen\/#primaryimage\",\"url\":\"https:\/\/www.oscart.eu\/wp-content\/uploads\/2024\/01\/OCMW-Menen-ovluu11a571rpwf23or9c3cejwgxwh3bw5ojagjtpc.jpg\",\"contentUrl\":\"https:\/\/www.oscart.eu\/wp-content\/uploads\/2024\/01\/OCMW-Menen-ovluu11a571rpwf23or9c3cejwgxwh3bw5ojagjtpc.jpg\"},{\"@type\":\"BreadcrumbList\",\"@id\":\"https:\/\/www.oscart.eu\/ocmw-menen\/#breadcrumb\",\"itemListElement\":[{\"@type\":\"ListItem\",\"position\":1,\"name\":\"Home\",\"item\":\"https:\/\/www.oscart.eu\/\"},{\"@type\":\"ListItem\",\"position\":2,\"name\":\"OCMW Menen\"}]},{\"@type\":\"WebSite\",\"@id\":\"https:\/\/www.oscart.eu\/#website\",\"url\":\"https:\/\/www.oscart.eu\/\",\"name\":\"Oscart\",\"description\":\"Your story, your screen\",\"publisher\":{\"@id\":\"https:\/\/www.oscart.eu\/#organization\"},\"potentialAction\":[{\"@type\":\"SearchAction\",\"target\":{\"@type\":\"EntryPoint\",\"urlTemplate\":\"https:\/\/www.oscart.eu\/?s={search_term_string}\"},\"query-input\":{\"@type\":\"PropertyValueSpecification\",\"valueRequired\":true,\"valueName\":\"search_term_string\"}}],\"inLanguage\":\"fr-BE\"},{\"@type\":\"Organization\",\"@id\":\"https:\/\/www.oscart.eu\/#organization\",\"name\":\"Oscart\",\"url\":\"https:\/\/www.oscart.eu\/\",\"logo\":{\"@type\":\"ImageObject\",\"inLanguage\":\"fr-BE\",\"@id\":\"https:\/\/www.oscart.eu\/#\/schema\/logo\/image\/\",\"url\":\"https:\/\/www.oscart.eu\/wp-content\/uploads\/2024\/05\/logo-oscart.svg\",\"contentUrl\":\"https:\/\/www.oscart.eu\/wp-content\/uploads\/2024\/05\/logo-oscart.svg\",\"width\":250,\"height\":79,\"caption\":\"Oscart\"},\"image\":{\"@id\":\"https:\/\/www.oscart.eu\/#\/schema\/logo\/image\/\"}}]}<\/script>\n<!-- \/ Yoast SEO plugin. -->","yoast_head_json":{"title":"CPAS Menin","description":"Oscart zorgde voor een complete oplossing die inspeelt op de behoeften van het zorgcentrum, de bewoners en de bezoekers van OCMW Menen.","robots":{"index":"index","follow":"follow","max-snippet":"max-snippet:-1","max-image-preview":"max-image-preview:large","max-video-preview":"max-video-preview:-1"},"canonical":"https:\/\/www.oscart.eu\/fr\/ocmw-menen\/","og_locale":"fr_FR","og_type":"article","og_title":"OCMW Menen","og_description":"Oscart zorgde voor een complete oplossing die inspeelt op de behoeften van het zorgcentrum, de bewoners en de bezoekers van OCMW Menen.","og_url":"https:\/\/www.oscart.eu\/fr\/ocmw-menen\/","og_site_name":"Oscart","article_modified_time":"2026-04-25T16:03:27+00:00","og_image":[{"width":200,"height":80,"url":"https:\/\/www.oscart.eu\/wp-content\/uploads\/2024\/01\/OCMW-Menen-ovluu11a571rpwf23or9c3cejwgxwh3bw5ojagjtpc.jpg","type":"image\/jpeg"}],"twitter_card":"summary_large_image","twitter_misc":{"Dur\u00e9e de lecture est.":"3 minutes"},"schema":{"@context":"https:\/\/schema.org","@graph":[{"@type":"WebPage","@id":"https:\/\/www.oscart.eu\/ocmw-menen\/","url":"https:\/\/www.oscart.eu\/ocmw-menen\/","name":"CPAS Menin","isPartOf":{"@id":"https:\/\/www.oscart.eu\/#website"},"primaryImageOfPage":{"@id":"https:\/\/www.oscart.eu\/ocmw-menen\/#primaryimage"},"image":{"@id":"https:\/\/www.oscart.eu\/ocmw-menen\/#primaryimage"},"thumbnailUrl":"https:\/\/www.oscart.eu\/wp-content\/uploads\/2024\/01\/OCMW-Menen-ovluu11a571rpwf23or9c3cejwgxwh3bw5ojagjtpc.jpg","datePublished":"2023-12-11T10:48:27+00:00","dateModified":"2026-04-25T16:03:27+00:00","description":"Oscart zorgde voor een complete oplossing die inspeelt op de behoeften van het zorgcentrum, de bewoners en de bezoekers van OCMW Menen.","breadcrumb":{"@id":"https:\/\/www.oscart.eu\/ocmw-menen\/#breadcrumb"},"inLanguage":"fr-BE","potentialAction":[{"@type":"ReadAction","target":["https:\/\/www.oscart.eu\/ocmw-menen\/"]}]},{"@type":"ImageObject","inLanguage":"fr-BE","@id":"https:\/\/www.oscart.eu\/ocmw-menen\/#primaryimage","url":"https:\/\/www.oscart.eu\/wp-content\/uploads\/2024\/01\/OCMW-Menen-ovluu11a571rpwf23or9c3cejwgxwh3bw5ojagjtpc.jpg","contentUrl":"https:\/\/www.oscart.eu\/wp-content\/uploads\/2024\/01\/OCMW-Menen-ovluu11a571rpwf23or9c3cejwgxwh3bw5ojagjtpc.jpg"},{"@type":"BreadcrumbList","@id":"https:\/\/www.oscart.eu\/ocmw-menen\/#breadcrumb","itemListElement":[{"@type":"ListItem","position":1,"name":"Home","item":"https:\/\/www.oscart.eu\/"},{"@type":"ListItem","position":2,"name":"OCMW Menen"}]},{"@type":"WebSite","@id":"https:\/\/www.oscart.eu\/#website","url":"https:\/\/www.oscart.eu\/","name":"Oscart","description":"Votre histoire, votre \u00e9cran","publisher":{"@id":"https:\/\/www.oscart.eu\/#organization"},"potentialAction":[{"@type":"SearchAction","target":{"@type":"EntryPoint","urlTemplate":"https:\/\/www.oscart.eu\/?s={search_term_string}"},"query-input":{"@type":"PropertyValueSpecification","valueRequired":true,"valueName":"search_term_string"}}],"inLanguage":"fr-BE"},{"@type":"Organization","@id":"https:\/\/www.oscart.eu\/#organization","name":"Oscart","url":"https:\/\/www.oscart.eu\/","logo":{"@type":"ImageObject","inLanguage":"fr-BE","@id":"https:\/\/www.oscart.eu\/#\/schema\/logo\/image\/","url":"https:\/\/www.oscart.eu\/wp-content\/uploads\/2024\/05\/logo-oscart.svg","contentUrl":"https:\/\/www.oscart.eu\/wp-content\/uploads\/2024\/05\/logo-oscart.svg","width":250,"height":79,"caption":"Oscart"},"image":{"@id":"https:\/\/www.oscart.eu\/#\/schema\/logo\/image\/"}}]}},"_links":{"self":[{"href":"https:\/\/www.oscart.eu\/fr\/wp-json\/wp\/v2\/pages\/519","targetHints":{"allow":["GET"]}}],"collection":[{"href":"https:\/\/www.oscart.eu\/fr\/wp-json\/wp\/v2\/pages"}],"about":[{"href":"https:\/\/www.oscart.eu\/fr\/wp-json\/wp\/v2\/types\/page"}],"author":[{"embeddable":true,"href":"https:\/\/www.oscart.eu\/fr\/wp-json\/wp\/v2\/users\/242907533"}],"replies":[{"embeddable":true,"href":"https:\/\/www.oscart.eu\/fr\/wp-json\/wp\/v2\/comments?post=519"}],"version-history":[{"count":20,"href":"https:\/\/www.oscart.eu\/fr\/wp-json\/wp\/v2\/pages\/519\/revisions"}],"predecessor-version":[{"id":11008,"href":"https:\/\/www.oscart.eu\/fr\/wp-json\/wp\/v2\/pages\/519\/revisions\/11008"}],"wp:attachment":[{"href":"https:\/\/www.oscart.eu\/fr\/wp-json\/wp\/v2\/media?parent=519"}],"curies":[{"name":"wp","href":"https:\/\/api.w.org\/{rel}","templated":true}]}}