{"id":512,"date":"2023-12-11T10:38:53","date_gmt":"2023-12-11T10:38:53","guid":{"rendered":"https:\/\/oscart.eu\/?page_id=512"},"modified":"2025-03-04T07:44:57","modified_gmt":"2025-03-04T07:44:57","slug":"sportline","status":"publish","type":"page","link":"https:\/\/www.oscart.eu\/fr\/sportline\/","title":{"rendered":"Ligne sportive"},"content":{"rendered":"<div data-elementor-type=\"wp-page\" data-elementor-id=\"512\" class=\"elementor elementor-512\">\n\t\t\t\t<div class=\"elementor-element elementor-element-13ab2bd e-flex e-con-boxed e-con e-parent\" data-id=\"13ab2bd\" data-element_type=\"container\">\n\t\t\t\t\t<div class=\"e-con-inner\">\n\t\t\t\t<div class=\"elementor-element elementor-element-ffbf7d9 elementor-widget elementor-widget-text-editor\" data-id=\"ffbf7d9\" data-element_type=\"widget\" data-widget_type=\"text-editor.default\">\n\t\t\t\t<div class=\"elementor-widget-container\">\n\t\t\t\t\t\t\t\t\t<p style=\"text-align: center;\">Ligne sportive<\/p>\t\t\t\t\t\t\t\t<\/div>\n\t\t\t\t<\/div>\n\t\t\t\t<div class=\"elementor-element elementor-element-92edb12 elementor-widget elementor-widget-spacer\" data-id=\"92edb12\" data-element_type=\"widget\" data-widget_type=\"spacer.default\">\n\t\t\t\t<div class=\"elementor-widget-container\">\n\t\t\t\t\t\t\t<div class=\"elementor-spacer\">\n\t\t\t<div class=\"elementor-spacer-inner\"><\/div>\n\t\t<\/div>\n\t\t\t\t\t\t<\/div>\n\t\t\t\t<\/div>\n\t\t\t\t<div class=\"elementor-element elementor-element-5e48005 elementor-widget elementor-widget-image\" data-id=\"5e48005\" data-element_type=\"widget\" data-widget_type=\"image.default\">\n\t\t\t\t<div class=\"elementor-widget-container\">\n\t\t\t\t\t\t\t\t\t\t\t\t\t\t\t<img decoding=\"async\" src=\"https:\/\/www.oscart.eu\/wp-content\/uploads\/elementor\/thumbs\/Sportline_ecomlogo-qie3ybrvw7pkd7i0xf42kb6gup8rgw8qk268r4uu1w.png\" title=\"Sportline_ecomlogo\" alt=\"Sportline_ecomlogo\" loading=\"lazy\" \/>\t\t\t\t\t\t\t\t\t\t\t\t\t\t\t<\/div>\n\t\t\t\t<\/div>\n\t\t\t\t<div class=\"elementor-element elementor-element-55a9487 elementor-widget elementor-widget-text-editor\" data-id=\"55a9487\" data-element_type=\"widget\" data-widget_type=\"text-editor.default\">\n\t\t\t\t<div class=\"elementor-widget-container\">\n\t\t\t\t\t\t\t\t\t<p>Sportline est un magasin sp\u00e9cialis\u00e9 dans le sport renomm\u00e9 que des centaines de clients visitent chaque jour. Pour mettre encore plus en avant leur gamme de produits, ils ont opt\u00e9 pour les paravents Oscart. Jetez un coup d\u2019\u0153il rapide \u00e0 la vid\u00e9o pour voir \u00e0 quoi ressemble le magasin maintenant. Ou encore mieux : venez nous rendre visite ! Et commandez ensuite vous-m\u00eame vos \u00e9crans avec le contenu d&#039;Oscart.<\/p>\t\t\t\t\t\t\t\t<\/div>\n\t\t\t\t<\/div>\n\t\t\t\t<div class=\"elementor-element elementor-element-597f4b6 elementor-widget elementor-widget-image\" data-id=\"597f4b6\" data-element_type=\"widget\" data-widget_type=\"image.default\">\n\t\t\t\t<div class=\"elementor-widget-container\">\n\t\t\t\t\t\t\t\t\t\t\t\t\t\t\t<img decoding=\"async\" src=\"https:\/\/www.oscart.eu\/wp-content\/uploads\/2025\/03\/sportline-roeselare-departement-wandern-und-outdoor.jpg\" title=\"\" alt=\"\" loading=\"lazy\" \/>\t\t\t\t\t\t\t\t\t\t\t\t\t\t\t<\/div>\n\t\t\t\t<\/div>\n\t\t\t\t\t<\/div>\n\t\t\t\t<\/div>\n\t\t<div class=\"elementor-element elementor-element-96a4dc1 e-flex e-con-boxed e-con e-parent\" data-id=\"96a4dc1\" data-element_type=\"container\">\n\t\t\t\t\t<div class=\"e-con-inner\">\n\t\t\t\t<div class=\"elementor-element elementor-element-dd88042 elementor-widget elementor-widget-text-editor\" data-id=\"dd88042\" data-element_type=\"widget\" data-widget_type=\"text-editor.default\">\n\t\t\t\t<div class=\"elementor-widget-container\">\n\t\t\t\t\t\t\t\t\t<p>Vous \u00eates stimul\u00e9 ou souhaitez plus d\u2019informations sur ce projet unique ? Alors n&#039;h\u00e9site pas\u00a0<a href=\"\/fr\/contact\/\">Contact<\/a>\u00a0enregistrer.<\/p>\t\t\t\t\t\t\t\t<\/div>\n\t\t\t\t<\/div>\n\t\t\t\t\t<\/div>\n\t\t\t\t<\/div>\n\t\t<div class=\"elementor-element elementor-element-06300a6 e-flex e-con-boxed e-con e-parent\" data-id=\"06300a6\" data-element_type=\"container\">\n\t\t\t\t\t<div class=\"e-con-inner\">\n\t\t<div class=\"elementor-element elementor-element-06e9646 e-flex e-con-boxed e-con e-child\" data-id=\"06e9646\" data-element_type=\"container\">\n\t\t\t\t\t<div class=\"e-con-inner\">\n\t\t<div class=\"elementor-element elementor-element-25d2ed8 e-con-full e-flex e-con e-child\" data-id=\"25d2ed8\" data-element_type=\"container\">\n\t\t\t\t<div class=\"elementor-element elementor-element-4be94ed elementor-view-default elementor-widget elementor-widget-icon\" data-id=\"4be94ed\" data-element_type=\"widget\" data-widget_type=\"icon.default\">\n\t\t\t\t<div class=\"elementor-widget-container\">\n\t\t\t\t\t\t\t<div class=\"elementor-icon-wrapper\">\n\t\t\t<div class=\"elementor-icon\">\n\t\t\t<svg aria-hidden=\"true\" class=\"e-font-icon-svg e-fas-comment-medical\" viewbox=\"0 0 512 512\" xmlns=\"http:\/\/www.w3.org\/2000\/svg\"><path d=\"M256 32C114.62 32 0 125.12 0 240c0 49.56 21.41 95 57 130.74C44.46 421.05 2.7 466 2.2 466.5A8 8 0 0 0 8 480c66.26 0 116-31.75 140.6-51.38A304.66 304.66 0 0 0 256 448c141.39 0 256-93.12 256-208S397.39 32 256 32zm96 232a8 8 0 0 1-8 8h-56v56a8 8 0 0 1-8 8h-48a8 8 0 0 1-8-8v-56h-56a8 8 0 0 1-8-8v-48a8 8 0 0 1 8-8h56v-56a8 8 0 0 1 8-8h48a8 8 0 0 1 8 8v56h56a8 8 0 0 1 8 8z\"><\/path><\/svg>\t\t\t<\/div>\n\t\t<\/div>\n\t\t\t\t\t\t<\/div>\n\t\t\t\t<\/div>\n\t\t\t\t<div class=\"elementor-element elementor-element-4cd25c4 elementor-widget elementor-widget-text-editor\" data-id=\"4cd25c4\" data-element_type=\"widget\" data-widget_type=\"text-editor.default\">\n\t\t\t\t<div class=\"elementor-widget-container\">\n\t\t\t\t\t\t\t\t\t<p>Question ou probl\u00e8me technique ?\u00a0<a href=\"\/fr\/support\/\">Contactez notre support<\/a>.<\/p>\t\t\t\t\t\t\t\t<\/div>\n\t\t\t\t<\/div>\n\t\t\t\t<\/div>\n\t\t<div class=\"elementor-element elementor-element-4fcbc29 e-con-full e-flex e-con e-child\" data-id=\"4fcbc29\" data-element_type=\"container\">\n\t\t\t\t<div class=\"elementor-element elementor-element-2575ee4 elementor-view-default elementor-widget elementor-widget-icon\" data-id=\"2575ee4\" data-element_type=\"widget\" data-widget_type=\"icon.default\">\n\t\t\t\t<div class=\"elementor-widget-container\">\n\t\t\t\t\t\t\t<div class=\"elementor-icon-wrapper\">\n\t\t\t<div class=\"elementor-icon\">\n\t\t\t<svg aria-hidden=\"true\" class=\"e-font-icon-svg e-fas-coffee\" viewbox=\"0 0 640 512\" xmlns=\"http:\/\/www.w3.org\/2000\/svg\"><path d=\"M192 384h192c53 0 96-43 96-96h32c70.6 0 128-57.4 128-128S582.6 32 512 32H120c-13.3 0-24 10.7-24 24v232c0 53 43 96 96 96zM512 96c35.3 0 64 28.7 64 64s-28.7 64-64 64h-32V96h32zm47.7 384H48.3c-47.6 0-61-64-36-64h583.3c25 0 11.8 64-35.9 64z\"><\/path><\/svg>\t\t\t<\/div>\n\t\t<\/div>\n\t\t\t\t\t\t<\/div>\n\t\t\t\t<\/div>\n\t\t\t\t<div class=\"elementor-element elementor-element-60a6a41 elementor-widget elementor-widget-text-editor\" data-id=\"60a6a41\" data-element_type=\"widget\" data-widget_type=\"text-editor.default\">\n\t\t\t\t<div class=\"elementor-widget-container\">\n\t\t\t\t\t\t\t\t\t<p>Oscart vous int\u00e9resse et vous souhaitez plus d\u2019informations ou une d\u00e9mo ? Donnez-en juste un\u00a0<a href=\"\/fr\/contact\/\">signal<\/a>!<\/p>\t\t\t\t\t\t\t\t<\/div>\n\t\t\t\t<\/div>\n\t\t\t\t<\/div>\n\t\t\t\t\t<\/div>\n\t\t\t\t<\/div>\n\t\t\t\t\t<\/div>\n\t\t\t\t<\/div>\n\t\t\t\t<\/div>","protected":false},"excerpt":{"rendered":"<p>Ligne Sport \/*! elementor \u2013 v3.18.0 \u2013 20\/12\/2023 *\/ .elementor-column .elementor-spacer-inner{hauteur:var(\u2013spacer-size)}.e-con{\u2013container-widget-width:100%}.e -con-inner&gt;.elementor-widget-spacer,.e-con&gt;.element<\/p>","protected":false},"author":242907533,"featured_media":0,"parent":0,"menu_order":0,"comment_status":"closed","ping_status":"closed","template":"","meta":{"footnotes":""},"yoast_head":"<!-- This site is optimized with the Yoast SEO plugin v24.1 - https:\/\/yoast.com\/wordpress\/plugins\/seo\/ -->\n<title>Sportline<\/title>\n<meta name=\"description\" content=\"Ontdek hoe Sportline, een gerenommeerde sportspeciaalzaak, hun productgamma in de kijker zet met Oscart schermen.\" \/>\n<meta name=\"robots\" content=\"index, follow, max-snippet:-1, max-image-preview:large, max-video-preview:-1\" \/>\n<link rel=\"canonical\" href=\"https:\/\/www.oscart.eu\/fr\/sportline\/\" \/>\n<meta property=\"og:locale\" content=\"fr_FR\" \/>\n<meta property=\"og:type\" content=\"article\" \/>\n<meta property=\"og:title\" content=\"Sportline\" \/>\n<meta property=\"og:description\" content=\"Ontdek hoe Sportline, een gerenommeerde sportspeciaalzaak, hun productgamma in de kijker zet met Oscart schermen.\" \/>\n<meta property=\"og:url\" content=\"https:\/\/www.oscart.eu\/fr\/sportline\/\" \/>\n<meta property=\"og:site_name\" content=\"Oscart\" \/>\n<meta property=\"article:modified_time\" content=\"2025-03-04T07:44:57+00:00\" \/>\n<meta name=\"twitter:card\" content=\"summary_large_image\" \/>\n<meta name=\"twitter:label1\" content=\"Dur\u00e9e de lecture est.\" \/>\n\t<meta name=\"twitter:data1\" content=\"1 minute\" \/>\n<script type=\"application\/ld+json\" class=\"yoast-schema-graph\">{\"@context\":\"https:\/\/schema.org\",\"@graph\":[{\"@type\":\"WebPage\",\"@id\":\"https:\/\/www.oscart.eu\/sportline\/\",\"url\":\"https:\/\/www.oscart.eu\/sportline\/\",\"name\":\"Sportline\",\"isPartOf\":{\"@id\":\"https:\/\/www.oscart.eu\/#website\"},\"datePublished\":\"2023-12-11T10:38:53+00:00\",\"dateModified\":\"2025-03-04T07:44:57+00:00\",\"description\":\"Ontdek hoe Sportline, een gerenommeerde sportspeciaalzaak, hun productgamma in de kijker zet met Oscart schermen.\",\"breadcrumb\":{\"@id\":\"https:\/\/www.oscart.eu\/sportline\/#breadcrumb\"},\"inLanguage\":\"fr-BE\",\"potentialAction\":[{\"@type\":\"ReadAction\",\"target\":[\"https:\/\/www.oscart.eu\/sportline\/\"]}]},{\"@type\":\"BreadcrumbList\",\"@id\":\"https:\/\/www.oscart.eu\/sportline\/#breadcrumb\",\"itemListElement\":[{\"@type\":\"ListItem\",\"position\":1,\"name\":\"Home\",\"item\":\"https:\/\/www.oscart.eu\/\"},{\"@type\":\"ListItem\",\"position\":2,\"name\":\"Sportline\"}]},{\"@type\":\"WebSite\",\"@id\":\"https:\/\/www.oscart.eu\/#website\",\"url\":\"https:\/\/www.oscart.eu\/\",\"name\":\"Oscart\",\"description\":\"Your story, your screen\",\"publisher\":{\"@id\":\"https:\/\/www.oscart.eu\/#organization\"},\"potentialAction\":[{\"@type\":\"SearchAction\",\"target\":{\"@type\":\"EntryPoint\",\"urlTemplate\":\"https:\/\/www.oscart.eu\/?s={search_term_string}\"},\"query-input\":{\"@type\":\"PropertyValueSpecification\",\"valueRequired\":true,\"valueName\":\"search_term_string\"}}],\"inLanguage\":\"fr-BE\"},{\"@type\":\"Organization\",\"@id\":\"https:\/\/www.oscart.eu\/#organization\",\"name\":\"Oscart\",\"url\":\"https:\/\/www.oscart.eu\/\",\"logo\":{\"@type\":\"ImageObject\",\"inLanguage\":\"fr-BE\",\"@id\":\"https:\/\/www.oscart.eu\/#\/schema\/logo\/image\/\",\"url\":\"https:\/\/www.oscart.eu\/wp-content\/uploads\/2024\/05\/logo-oscart.svg\",\"contentUrl\":\"https:\/\/www.oscart.eu\/wp-content\/uploads\/2024\/05\/logo-oscart.svg\",\"width\":250,\"height\":79,\"caption\":\"Oscart\"},\"image\":{\"@id\":\"https:\/\/www.oscart.eu\/#\/schema\/logo\/image\/\"}}]}<\/script>\n<!-- \/ Yoast SEO plugin. -->","yoast_head_json":{"title":"Ligne sportive","description":"Ontdek hoe Sportline, een gerenommeerde sportspeciaalzaak, hun productgamma in de kijker zet met Oscart schermen.","robots":{"index":"index","follow":"follow","max-snippet":"max-snippet:-1","max-image-preview":"max-image-preview:large","max-video-preview":"max-video-preview:-1"},"canonical":"https:\/\/www.oscart.eu\/fr\/sportline\/","og_locale":"fr_FR","og_type":"article","og_title":"Sportline","og_description":"Ontdek hoe Sportline, een gerenommeerde sportspeciaalzaak, hun productgamma in de kijker zet met Oscart schermen.","og_url":"https:\/\/www.oscart.eu\/fr\/sportline\/","og_site_name":"Oscart","article_modified_time":"2025-03-04T07:44:57+00:00","twitter_card":"summary_large_image","twitter_misc":{"Dur\u00e9e de lecture est.":"1 minute"},"schema":{"@context":"https:\/\/schema.org","@graph":[{"@type":"WebPage","@id":"https:\/\/www.oscart.eu\/sportline\/","url":"https:\/\/www.oscart.eu\/sportline\/","name":"Ligne sportive","isPartOf":{"@id":"https:\/\/www.oscart.eu\/#website"},"datePublished":"2023-12-11T10:38:53+00:00","dateModified":"2025-03-04T07:44:57+00:00","description":"Ontdek hoe Sportline, een gerenommeerde sportspeciaalzaak, hun productgamma in de kijker zet met Oscart schermen.","breadcrumb":{"@id":"https:\/\/www.oscart.eu\/sportline\/#breadcrumb"},"inLanguage":"fr-BE","potentialAction":[{"@type":"ReadAction","target":["https:\/\/www.oscart.eu\/sportline\/"]}]},{"@type":"BreadcrumbList","@id":"https:\/\/www.oscart.eu\/sportline\/#breadcrumb","itemListElement":[{"@type":"ListItem","position":1,"name":"Home","item":"https:\/\/www.oscart.eu\/"},{"@type":"ListItem","position":2,"name":"Sportline"}]},{"@type":"WebSite","@id":"https:\/\/www.oscart.eu\/#website","url":"https:\/\/www.oscart.eu\/","name":"Oscart","description":"Votre histoire, votre \u00e9cran","publisher":{"@id":"https:\/\/www.oscart.eu\/#organization"},"potentialAction":[{"@type":"SearchAction","target":{"@type":"EntryPoint","urlTemplate":"https:\/\/www.oscart.eu\/?s={search_term_string}"},"query-input":{"@type":"PropertyValueSpecification","valueRequired":true,"valueName":"search_term_string"}}],"inLanguage":"fr-BE"},{"@type":"Organization","@id":"https:\/\/www.oscart.eu\/#organization","name":"Oscart","url":"https:\/\/www.oscart.eu\/","logo":{"@type":"ImageObject","inLanguage":"fr-BE","@id":"https:\/\/www.oscart.eu\/#\/schema\/logo\/image\/","url":"https:\/\/www.oscart.eu\/wp-content\/uploads\/2024\/05\/logo-oscart.svg","contentUrl":"https:\/\/www.oscart.eu\/wp-content\/uploads\/2024\/05\/logo-oscart.svg","width":250,"height":79,"caption":"Oscart"},"image":{"@id":"https:\/\/www.oscart.eu\/#\/schema\/logo\/image\/"}}]}},"_links":{"self":[{"href":"https:\/\/www.oscart.eu\/fr\/wp-json\/wp\/v2\/pages\/512"}],"collection":[{"href":"https:\/\/www.oscart.eu\/fr\/wp-json\/wp\/v2\/pages"}],"about":[{"href":"https:\/\/www.oscart.eu\/fr\/wp-json\/wp\/v2\/types\/page"}],"author":[{"embeddable":true,"href":"https:\/\/www.oscart.eu\/fr\/wp-json\/wp\/v2\/users\/242907533"}],"replies":[{"embeddable":true,"href":"https:\/\/www.oscart.eu\/fr\/wp-json\/wp\/v2\/comments?post=512"}],"version-history":[{"count":18,"href":"https:\/\/www.oscart.eu\/fr\/wp-json\/wp\/v2\/pages\/512\/revisions"}],"predecessor-version":[{"id":1689,"href":"https:\/\/www.oscart.eu\/fr\/wp-json\/wp\/v2\/pages\/512\/revisions\/1689"}],"wp:attachment":[{"href":"https:\/\/www.oscart.eu\/fr\/wp-json\/wp\/v2\/media?parent=512"}],"curies":[{"name":"wp","href":"https:\/\/api.w.org\/{rel}","templated":true}]}}