{"id":500,"date":"2023-12-11T10:31:13","date_gmt":"2023-12-11T10:31:13","guid":{"rendered":"https:\/\/oscart.eu\/?page_id=500"},"modified":"2025-03-04T08:44:07","modified_gmt":"2025-03-04T08:44:07","slug":"billiet-vanlaere","status":"publish","type":"page","link":"https:\/\/www.oscart.eu\/fr\/billiet-vanlaere\/","title":{"rendered":"Billiet"},"content":{"rendered":"<div data-elementor-type=\"wp-page\" data-elementor-id=\"500\" class=\"elementor elementor-500\">\n\t\t\t\t<div class=\"elementor-element elementor-element-8a46f77 e-flex e-con-boxed e-con e-parent\" data-id=\"8a46f77\" data-element_type=\"container\">\n\t\t\t\t\t<div class=\"e-con-inner\">\n\t\t\t\t<div class=\"elementor-element elementor-element-7d90c48 elementor-widget elementor-widget-text-editor\" data-id=\"7d90c48\" data-element_type=\"widget\" data-widget_type=\"text-editor.default\">\n\t\t\t\t<div class=\"elementor-widget-container\">\n\t\t\t\t\t\t\t\t\t<p>Billiet-Vanlaere \/ Cosy &amp; Tendance<\/p>\t\t\t\t\t\t\t\t<\/div>\n\t\t\t\t<\/div>\n\t\t\t\t\t<\/div>\n\t\t\t\t<\/div>\n\t\t<div class=\"elementor-element elementor-element-d5fafca e-flex e-con-boxed e-con e-parent\" data-id=\"d5fafca\" data-element_type=\"container\">\n\t\t\t\t\t<div class=\"e-con-inner\">\n\t\t\t\t<div class=\"elementor-element elementor-element-5543d15 elementor-widget elementor-widget-image\" data-id=\"5543d15\" data-element_type=\"widget\" data-widget_type=\"image.default\">\n\t\t\t\t<div class=\"elementor-widget-container\">\n\t\t\t\t\t\t\t\t\t\t\t\t\t\t\t<img decoding=\"async\" width=\"200\" height=\"169\" src=\"https:\/\/www.oscart.eu\/wp-content\/uploads\/2024\/01\/billiet-pkp2avzi69577z9p6tw2zna2popaytoouow7jq86fu.jpg\" class=\"attachment-full size-full wp-image-1468\" alt=\"Billiet logo\" srcset=\"https:\/\/www.oscart.eu\/wp-content\/uploads\/2024\/01\/billiet-pkp2avzi69577z9p6tw2zna2popaytoouow7jq86fu.jpg 200w, https:\/\/www.oscart.eu\/wp-content\/uploads\/2024\/01\/billiet-pkp2avzi69577z9p6tw2zna2popaytoouow7jq86fu-14x12.jpg 14w\" sizes=\"(max-width: 200px) 100vw, 200px\" \/>\t\t\t\t\t\t\t\t\t\t\t\t\t\t\t<\/div>\n\t\t\t\t<\/div>\n\t\t\t\t<div class=\"elementor-element elementor-element-b4dd566 elementor-widget__width-initial elementor-widget elementor-widget-text-editor\" data-id=\"b4dd566\" data-element_type=\"widget\" data-widget_type=\"text-editor.default\">\n\t\t\t\t<div class=\"elementor-widget-container\">\n\t\t\t\t\t\t\t\t\t<p>Billiet-Vanlaere SA est un importateur et grossiste stockiste d&#039;articles de maison, de restauration, de cadeaux et de saison. La soci\u00e9t\u00e9 de croissance de Flandre occidentale est principalement active au Benelux, en France et en Allemagne. Le showroom de Tielt a r\u00e9cemment subi une m\u00e9tamorphose majeure avec un design unique et des concepts innovants et bien pens\u00e9s dans le domaine de l&#039;exp\u00e9rience shopping. Oscart a \u00e9t\u00e9 s\u00e9lectionn\u00e9 en exclusivit\u00e9 par Billiet comme partenaire pour toute la communication sur \u00e9cran num\u00e9rique en magasin.<\/p>\t\t\t\t\t\t\t\t<\/div>\n\t\t\t\t<\/div>\n\t\t\t\t<div class=\"elementor-element elementor-element-baf5c72 elementor-widget__width-initial elementor-widget elementor-widget-text-editor\" data-id=\"baf5c72\" data-element_type=\"widget\" data-widget_type=\"text-editor.default\">\n\t\t\t\t<div class=\"elementor-widget-container\">\n\t\t\t\t\t\t\t\t\t<p>D\u00e9fi<\/p>\t\t\t\t\t\t\t\t<\/div>\n\t\t\t\t<\/div>\n\t\t\t\t<div class=\"elementor-element elementor-element-493bced elementor-widget__width-initial elementor-widget elementor-widget-text-editor\" data-id=\"493bced\" data-element_type=\"widget\" data-widget_type=\"text-editor.default\">\n\t\t\t\t<div class=\"elementor-widget-container\">\n\t\t\t\t\t\t\t\t\t<p>Le showroom de\u00a0<a href=\"http:\/\/www.billiet.be\/\">Billiet<\/a>\u00a0ne fait pas moins de 4 275 m\u00b2 r\u00e9partis sur plusieurs \u00e9tages. Fin 2021, il a fait l&#039;objet d&#039;une r\u00e9novation compl\u00e8te avec des concepts r\u00e9volutionnaires o\u00f9 une \u00ab gestion de cat\u00e9gorie \u00bb sophistiqu\u00e9e a \u00e9galement \u00e9t\u00e9 mise en \u0153uvre dans l&#039;atelier. Diff\u00e9rents types de produits et de marques \u00e9taient h\u00e9berg\u00e9s dans des coins saisissants et visuellement d\u00e9finis o\u00f9 les clients vivaient une exp\u00e9rience d&#039;achat num\u00e9rique sublime.<\/p>\t\t\t\t\t\t\t\t<\/div>\n\t\t\t\t<\/div>\n\t\t\t\t\t<\/div>\n\t\t\t\t<\/div>\n\t\t<div class=\"elementor-element elementor-element-017b50a e-flex e-con-boxed e-con e-parent\" data-id=\"017b50a\" data-element_type=\"container\" data-settings=\"{&quot;background_background&quot;:&quot;gradient&quot;}\">\n\t\t\t\t\t<div class=\"e-con-inner\">\n\t\t\t\t<div class=\"elementor-element elementor-element-ad01256 elementor-widget__width-initial elementor-widget elementor-widget-text-editor\" data-id=\"ad01256\" data-element_type=\"widget\" data-widget_type=\"text-editor.default\">\n\t\t\t\t<div class=\"elementor-widget-container\">\n\t\t\t\t\t\t\t\t\t<p>Solution<\/p>\t\t\t\t\t\t\t\t<\/div>\n\t\t\t\t<\/div>\n\t\t\t\t<div class=\"elementor-element elementor-element-1a97ff6 elementor-widget__width-initial elementor-widget elementor-widget-text-editor\" data-id=\"1a97ff6\" data-element_type=\"widget\" data-widget_type=\"text-editor.default\">\n\t\t\t\t<div class=\"elementor-widget-container\">\n\t\t\t\t\t\t\t\t\t<p>Plus de 50 \u00e9crans tactiles r\u00e9partis au rez-de-chauss\u00e9e, aux 1er et 2\u00e8me \u00e9tages ont \u00e9t\u00e9 int\u00e9gr\u00e9s de mani\u00e8re strat\u00e9gique et transparente dans chacun des coins. Ces \u00e9crans sont contr\u00f4l\u00e9s par la plateforme cloud d&#039;Oscart et n&#039;affichent pas uniquement du contenu d&#039;affichage num\u00e9rique tel que des informations sur les produits et des images anim\u00e9es. De plus - et il s&#039;agit d&#039;une application unique dans le monde de la signal\u00e9tique et du commerce de d\u00e9tail - il existe \u00e9galement un composant interactif impressionnant. Lorsqu&#039;un client scanne un code produit (via un code barre) avec son terminal portable, toutes les informations d\u00e9taill\u00e9es sur le produit en question apparaissent automatiquement sur l&#039;\u00e9cran \u00e0 proximit\u00e9. Le client peut faire d\u00e9filer ces informations sur l&#039;\u00e9cran tactile avec des gestes du doigt. Il peut \u00e9galement commander le produit, consulter son panier, etc. via le m\u00eame \u00e9cran tactile. Si l&#039;\u00e9cran tactile n&#039;est pas utilis\u00e9 pendant un certain temps, le contenu habituel de l&#039;affichage r\u00e9appara\u00eetra.<\/p><p>En d\u2019autres termes, il s\u2019agit d\u2019une application particuli\u00e8rement int\u00e9ressante des possibilit\u00e9s avanc\u00e9es qu\u2019offre Oscart avec sa plateforme cloud pour l\u2019affichage num\u00e9rique, et des options d\u2019int\u00e9gration avec d\u2019autres plateformes existantes.<\/p><p>De plus, Oscart a \u00e9galement install\u00e9 un impressionnant mur vid\u00e9o de 3 x 3 \u00e9crans de 49&quot; dans la zone Thermos King ainsi que plusieurs beaux \u00e9crans d&#039;information dans les entr\u00e9es des diff\u00e9rents \u00e9tages (tailles d&#039;\u00e9cran de 43&quot;, 55&quot; et 65&quot;).<\/p>\t\t\t\t\t\t\t\t<\/div>\n\t\t\t\t<\/div>\n\t\t\t\t<div class=\"elementor-element elementor-element-601c583 elementor-widget elementor-widget-image\" data-id=\"601c583\" data-element_type=\"widget\" data-widget_type=\"image.default\">\n\t\t\t\t<div class=\"elementor-widget-container\">\n\t\t\t\t\t\t\t\t\t\t\t\t\t\t\t<img decoding=\"async\" src=\"https:\/\/www.oscart.eu\/wp-content\/uploads\/2025\/03\/Billiet_14-Aangepast.webp\" title=\"\" alt=\"\" loading=\"lazy\" \/>\t\t\t\t\t\t\t\t\t\t\t\t\t\t\t<\/div>\n\t\t\t\t<\/div>\n\t\t\t\t\t<\/div>\n\t\t\t\t<\/div>\n\t\t<div class=\"elementor-element elementor-element-7f5c83d e-flex e-con-boxed e-con e-parent\" data-id=\"7f5c83d\" data-element_type=\"container\">\n\t\t\t\t\t<div class=\"e-con-inner\">\n\t\t\t\t<div class=\"elementor-element elementor-element-5f8f9a0 elementor-widget elementor-widget-text-editor\" data-id=\"5f8f9a0\" data-element_type=\"widget\" data-widget_type=\"text-editor.default\">\n\t\t\t\t<div class=\"elementor-widget-container\">\n\t\t\t\t\t\t\t\t\t<p>Avantages<\/p>\t\t\t\t\t\t\t\t<\/div>\n\t\t\t\t<\/div>\n\t\t\t\t<div class=\"elementor-element elementor-element-a029930 elementor-widget elementor-widget-text-editor\" data-id=\"a029930\" data-element_type=\"widget\" data-widget_type=\"text-editor.default\">\n\t\t\t\t<div class=\"elementor-widget-container\">\n\t\t\t\t\t\t\t\t\t<p><b>Christoph Billiet, PDG Billiet-Vanlaere SA :<\/b>\u00a0\u00ab Nous avons enti\u00e8rement repens\u00e9 notre showroom pour offrir \u00e0 nos clients l\u2019exp\u00e9rience ultime. Les \u00e9crans tactiles intelligents d&#039;Oscart, strat\u00e9giquement plac\u00e9s, sont la cerise sur le g\u00e2teau. De plus, les \u00e9crans nous permettent de relier notre syst\u00e8me de num\u00e9risation \u00e0 la boutique en ligne et d&#039;offrir ainsi \u00e0 nos clients une valeur ajout\u00e9e et une exp\u00e9rience.<\/p><p>Vous \u00eates stimul\u00e9 ou souhaitez plus d\u2019informations sur ce projet unique ? Alors n&#039;h\u00e9site pas\u00a0<a href=\"\/fr\/contact\/\">Contact<\/a>\u00a0enregistrer.<\/p>\t\t\t\t\t\t\t\t<\/div>\n\t\t\t\t<\/div>\n\t\t\t\t\t<\/div>\n\t\t\t\t<\/div>\n\t\t<div class=\"elementor-element elementor-element-2830e99 e-flex e-con-boxed e-con e-parent\" data-id=\"2830e99\" data-element_type=\"container\">\n\t\t\t\t\t<div class=\"e-con-inner\">\n\t\t<div class=\"elementor-element elementor-element-94b26e9 e-con-full e-flex e-con e-child\" data-id=\"94b26e9\" data-element_type=\"container\">\n\t\t\t\t<div class=\"elementor-element elementor-element-52b367d elementor-view-default elementor-widget elementor-widget-icon\" data-id=\"52b367d\" data-element_type=\"widget\" data-widget_type=\"icon.default\">\n\t\t\t\t<div class=\"elementor-widget-container\">\n\t\t\t\t\t\t\t<div class=\"elementor-icon-wrapper\">\n\t\t\t<div class=\"elementor-icon\">\n\t\t\t<svg aria-hidden=\"true\" class=\"e-font-icon-svg e-fas-comment-medical\" viewbox=\"0 0 512 512\" xmlns=\"http:\/\/www.w3.org\/2000\/svg\"><path d=\"M256 32C114.62 32 0 125.12 0 240c0 49.56 21.41 95 57 130.74C44.46 421.05 2.7 466 2.2 466.5A8 8 0 0 0 8 480c66.26 0 116-31.75 140.6-51.38A304.66 304.66 0 0 0 256 448c141.39 0 256-93.12 256-208S397.39 32 256 32zm96 232a8 8 0 0 1-8 8h-56v56a8 8 0 0 1-8 8h-48a8 8 0 0 1-8-8v-56h-56a8 8 0 0 1-8-8v-48a8 8 0 0 1 8-8h56v-56a8 8 0 0 1 8-8h48a8 8 0 0 1 8 8v56h56a8 8 0 0 1 8 8z\"><\/path><\/svg>\t\t\t<\/div>\n\t\t<\/div>\n\t\t\t\t\t\t<\/div>\n\t\t\t\t<\/div>\n\t\t\t\t<div class=\"elementor-element elementor-element-bd2c12f elementor-widget elementor-widget-text-editor\" data-id=\"bd2c12f\" data-element_type=\"widget\" data-widget_type=\"text-editor.default\">\n\t\t\t\t<div class=\"elementor-widget-container\">\n\t\t\t\t\t\t\t\t\t<p>Question ou probl\u00e8me technique ?\u00a0<a href=\"\/fr\/support\/\">Contactez notre support<\/a>.<\/p>\t\t\t\t\t\t\t\t<\/div>\n\t\t\t\t<\/div>\n\t\t\t\t<\/div>\n\t\t<div class=\"elementor-element elementor-element-f20f343 e-con-full e-flex e-con e-child\" data-id=\"f20f343\" data-element_type=\"container\">\n\t\t\t\t<div class=\"elementor-element elementor-element-9e1eb1a elementor-view-default elementor-widget elementor-widget-icon\" data-id=\"9e1eb1a\" data-element_type=\"widget\" data-widget_type=\"icon.default\">\n\t\t\t\t<div class=\"elementor-widget-container\">\n\t\t\t\t\t\t\t<div class=\"elementor-icon-wrapper\">\n\t\t\t<div class=\"elementor-icon\">\n\t\t\t<svg aria-hidden=\"true\" class=\"e-font-icon-svg e-fas-coffee\" viewbox=\"0 0 640 512\" xmlns=\"http:\/\/www.w3.org\/2000\/svg\"><path d=\"M192 384h192c53 0 96-43 96-96h32c70.6 0 128-57.4 128-128S582.6 32 512 32H120c-13.3 0-24 10.7-24 24v232c0 53 43 96 96 96zM512 96c35.3 0 64 28.7 64 64s-28.7 64-64 64h-32V96h32zm47.7 384H48.3c-47.6 0-61-64-36-64h583.3c25 0 11.8 64-35.9 64z\"><\/path><\/svg>\t\t\t<\/div>\n\t\t<\/div>\n\t\t\t\t\t\t<\/div>\n\t\t\t\t<\/div>\n\t\t\t\t<div class=\"elementor-element elementor-element-74734e3 elementor-widget elementor-widget-text-editor\" data-id=\"74734e3\" data-element_type=\"widget\" data-widget_type=\"text-editor.default\">\n\t\t\t\t<div class=\"elementor-widget-container\">\n\t\t\t\t\t\t\t\t\t<p>Oscart vous int\u00e9resse et vous souhaitez plus d\u2019informations ou une d\u00e9mo ? Donnez-en juste un\u00a0<a href=\"\/fr\/contact\/\">signal<\/a>!<\/p>\t\t\t\t\t\t\t\t<\/div>\n\t\t\t\t<\/div>\n\t\t\t\t<\/div>\n\t\t\t\t\t<\/div>\n\t\t\t\t<\/div>\n\t\t\t\t<\/div>","protected":false},"excerpt":{"rendered":"<p>Billiet-Vanlaere \/ Cosy &amp; Tendance \/*! elementor \u2013 v3.18.0 \u2013 20\/12\/2023 *\/ .elementor-column .elementor-spacer-inner{hauteur:var(\u2013spacer-size)}.e-con{\u2013container-widget-width:100%}.e -con-inner&gt;.elementor-widget-spacer,.e-con&gt;.elemento<\/p>","protected":false},"author":242907533,"featured_media":0,"parent":0,"menu_order":0,"comment_status":"closed","ping_status":"closed","template":"","meta":{"footnotes":""},"yoast_head":"<!-- This site is optimized with the Yoast SEO plugin v24.1 - https:\/\/yoast.com\/wordpress\/plugins\/seo\/ -->\n<title>Billiet-Vanlaere\/ Cosy&amp;Trendy<\/title>\n<meta name=\"description\" content=\"Ontdek de vernieuwde showroom van Billiet-Vanlaere NV, een geavanceerde digitale winkelervaring, mogelijk gemaakt door Oscart!\" \/>\n<meta name=\"robots\" content=\"index, follow, max-snippet:-1, max-image-preview:large, max-video-preview:-1\" \/>\n<link rel=\"canonical\" href=\"https:\/\/www.oscart.eu\/fr\/billiet-vanlaere\/\" \/>\n<meta property=\"og:locale\" content=\"fr_FR\" \/>\n<meta property=\"og:type\" content=\"article\" \/>\n<meta property=\"og:title\" content=\"Billiet-Vanlaere\/ Cosy&amp;Trendy\" \/>\n<meta property=\"og:description\" content=\"Ontdek de vernieuwde showroom van Billiet-Vanlaere NV, een geavanceerde digitale winkelervaring, mogelijk gemaakt door Oscart!\" \/>\n<meta property=\"og:url\" content=\"https:\/\/www.oscart.eu\/fr\/billiet-vanlaere\/\" \/>\n<meta property=\"og:site_name\" content=\"Oscart\" \/>\n<meta property=\"article:modified_time\" content=\"2025-03-04T08:44:07+00:00\" \/>\n<meta name=\"twitter:card\" content=\"summary_large_image\" \/>\n<meta name=\"twitter:label1\" content=\"Dur\u00e9e de lecture est.\" \/>\n\t<meta name=\"twitter:data1\" content=\"3 minutes\" \/>\n<script type=\"application\/ld+json\" class=\"yoast-schema-graph\">{\"@context\":\"https:\/\/schema.org\",\"@graph\":[{\"@type\":\"WebPage\",\"@id\":\"https:\/\/www.oscart.eu\/billiet-vanlaere\/\",\"url\":\"https:\/\/www.oscart.eu\/billiet-vanlaere\/\",\"name\":\"Billiet-Vanlaere\/ Cosy&Trendy\",\"isPartOf\":{\"@id\":\"https:\/\/www.oscart.eu\/#website\"},\"datePublished\":\"2023-12-11T10:31:13+00:00\",\"dateModified\":\"2025-03-04T08:44:07+00:00\",\"description\":\"Ontdek de vernieuwde showroom van Billiet-Vanlaere NV, een geavanceerde digitale winkelervaring, mogelijk gemaakt door Oscart!\",\"breadcrumb\":{\"@id\":\"https:\/\/www.oscart.eu\/billiet-vanlaere\/#breadcrumb\"},\"inLanguage\":\"fr-BE\",\"potentialAction\":[{\"@type\":\"ReadAction\",\"target\":[\"https:\/\/www.oscart.eu\/billiet-vanlaere\/\"]}]},{\"@type\":\"BreadcrumbList\",\"@id\":\"https:\/\/www.oscart.eu\/billiet-vanlaere\/#breadcrumb\",\"itemListElement\":[{\"@type\":\"ListItem\",\"position\":1,\"name\":\"Home\",\"item\":\"https:\/\/www.oscart.eu\/\"},{\"@type\":\"ListItem\",\"position\":2,\"name\":\"Billiet\"}]},{\"@type\":\"WebSite\",\"@id\":\"https:\/\/www.oscart.eu\/#website\",\"url\":\"https:\/\/www.oscart.eu\/\",\"name\":\"Oscart\",\"description\":\"Your story, your screen\",\"publisher\":{\"@id\":\"https:\/\/www.oscart.eu\/#organization\"},\"potentialAction\":[{\"@type\":\"SearchAction\",\"target\":{\"@type\":\"EntryPoint\",\"urlTemplate\":\"https:\/\/www.oscart.eu\/?s={search_term_string}\"},\"query-input\":{\"@type\":\"PropertyValueSpecification\",\"valueRequired\":true,\"valueName\":\"search_term_string\"}}],\"inLanguage\":\"fr-BE\"},{\"@type\":\"Organization\",\"@id\":\"https:\/\/www.oscart.eu\/#organization\",\"name\":\"Oscart\",\"url\":\"https:\/\/www.oscart.eu\/\",\"logo\":{\"@type\":\"ImageObject\",\"inLanguage\":\"fr-BE\",\"@id\":\"https:\/\/www.oscart.eu\/#\/schema\/logo\/image\/\",\"url\":\"https:\/\/www.oscart.eu\/wp-content\/uploads\/2024\/05\/logo-oscart.svg\",\"contentUrl\":\"https:\/\/www.oscart.eu\/wp-content\/uploads\/2024\/05\/logo-oscart.svg\",\"width\":250,\"height\":79,\"caption\":\"Oscart\"},\"image\":{\"@id\":\"https:\/\/www.oscart.eu\/#\/schema\/logo\/image\/\"}}]}<\/script>\n<!-- \/ Yoast SEO plugin. -->","yoast_head_json":{"title":"Billiet-Vanlaere\/ Cosy&Trendy","description":"Ontdek de vernieuwde showroom van Billiet-Vanlaere NV, een geavanceerde digitale winkelervaring, mogelijk gemaakt door Oscart!","robots":{"index":"index","follow":"follow","max-snippet":"max-snippet:-1","max-image-preview":"max-image-preview:large","max-video-preview":"max-video-preview:-1"},"canonical":"https:\/\/www.oscart.eu\/fr\/billiet-vanlaere\/","og_locale":"fr_FR","og_type":"article","og_title":"Billiet-Vanlaere\/ Cosy&Trendy","og_description":"Ontdek de vernieuwde showroom van Billiet-Vanlaere NV, een geavanceerde digitale winkelervaring, mogelijk gemaakt door Oscart!","og_url":"https:\/\/www.oscart.eu\/fr\/billiet-vanlaere\/","og_site_name":"Oscart","article_modified_time":"2025-03-04T08:44:07+00:00","twitter_card":"summary_large_image","twitter_misc":{"Dur\u00e9e de lecture est.":"3 minutes"},"schema":{"@context":"https:\/\/schema.org","@graph":[{"@type":"WebPage","@id":"https:\/\/www.oscart.eu\/billiet-vanlaere\/","url":"https:\/\/www.oscart.eu\/billiet-vanlaere\/","name":"Billiet-Vanlaere\/ Cosy&Trendy","isPartOf":{"@id":"https:\/\/www.oscart.eu\/#website"},"datePublished":"2023-12-11T10:31:13+00:00","dateModified":"2025-03-04T08:44:07+00:00","description":"Ontdek de vernieuwde showroom van Billiet-Vanlaere NV, een geavanceerde digitale winkelervaring, mogelijk gemaakt door Oscart!","breadcrumb":{"@id":"https:\/\/www.oscart.eu\/billiet-vanlaere\/#breadcrumb"},"inLanguage":"fr-BE","potentialAction":[{"@type":"ReadAction","target":["https:\/\/www.oscart.eu\/billiet-vanlaere\/"]}]},{"@type":"BreadcrumbList","@id":"https:\/\/www.oscart.eu\/billiet-vanlaere\/#breadcrumb","itemListElement":[{"@type":"ListItem","position":1,"name":"Home","item":"https:\/\/www.oscart.eu\/"},{"@type":"ListItem","position":2,"name":"Billiet"}]},{"@type":"WebSite","@id":"https:\/\/www.oscart.eu\/#website","url":"https:\/\/www.oscart.eu\/","name":"Oscart","description":"Your story, your screen","publisher":{"@id":"https:\/\/www.oscart.eu\/#organization"},"potentialAction":[{"@type":"SearchAction","target":{"@type":"EntryPoint","urlTemplate":"https:\/\/www.oscart.eu\/?s={search_term_string}"},"query-input":{"@type":"PropertyValueSpecification","valueRequired":true,"valueName":"search_term_string"}}],"inLanguage":"fr-BE"},{"@type":"Organization","@id":"https:\/\/www.oscart.eu\/#organization","name":"Oscart","url":"https:\/\/www.oscart.eu\/","logo":{"@type":"ImageObject","inLanguage":"fr-BE","@id":"https:\/\/www.oscart.eu\/#\/schema\/logo\/image\/","url":"https:\/\/www.oscart.eu\/wp-content\/uploads\/2024\/05\/logo-oscart.svg","contentUrl":"https:\/\/www.oscart.eu\/wp-content\/uploads\/2024\/05\/logo-oscart.svg","width":250,"height":79,"caption":"Oscart"},"image":{"@id":"https:\/\/www.oscart.eu\/#\/schema\/logo\/image\/"}}]}},"_links":{"self":[{"href":"https:\/\/www.oscart.eu\/fr\/wp-json\/wp\/v2\/pages\/500"}],"collection":[{"href":"https:\/\/www.oscart.eu\/fr\/wp-json\/wp\/v2\/pages"}],"about":[{"href":"https:\/\/www.oscart.eu\/fr\/wp-json\/wp\/v2\/types\/page"}],"author":[{"embeddable":true,"href":"https:\/\/www.oscart.eu\/fr\/wp-json\/wp\/v2\/users\/242907533"}],"replies":[{"embeddable":true,"href":"https:\/\/www.oscart.eu\/fr\/wp-json\/wp\/v2\/comments?post=500"}],"version-history":[{"count":48,"href":"https:\/\/www.oscart.eu\/fr\/wp-json\/wp\/v2\/pages\/500\/revisions"}],"predecessor-version":[{"id":10335,"href":"https:\/\/www.oscart.eu\/fr\/wp-json\/wp\/v2\/pages\/500\/revisions\/10335"}],"wp:attachment":[{"href":"https:\/\/www.oscart.eu\/fr\/wp-json\/wp\/v2\/media?parent=500"}],"curies":[{"name":"wp","href":"https:\/\/api.w.org\/{rel}","templated":true}]}}