{"id":481,"date":"2023-12-11T09:41:04","date_gmt":"2023-12-11T09:41:04","guid":{"rendered":"https:\/\/oscart.eu\/?page_id=481"},"modified":"2025-04-24T07:02:18","modified_gmt":"2025-04-24T07:02:18","slug":"ntgrate","status":"publish","type":"page","link":"https:\/\/www.oscart.eu\/fr\/ntgrate\/","title":{"rendered":"int\u00e9grer"},"content":{"rendered":"<div data-elementor-type=\"wp-page\" data-elementor-id=\"481\" class=\"elementor elementor-481\">\n\t\t\t\t<div class=\"elementor-element elementor-element-be451b0 e-flex e-con-boxed e-con e-parent\" data-id=\"be451b0\" data-element_type=\"container\">\n\t\t\t\t\t<div class=\"e-con-inner\">\n\t\t\t\t<div class=\"elementor-element elementor-element-bd2866d elementor-widget elementor-widget-text-editor\" data-id=\"bd2866d\" data-element_type=\"widget\" data-widget_type=\"text-editor.default\">\n\t\t\t\t<div class=\"elementor-widget-container\">\n\t\t\t\t\t\t\t\t\t<p>Digital signage et solutions audio par Oscart chez ntgrate \u00e0 Courtrai, leader mondial du rev\u00eatement de sol en vinyle<\/p>\t\t\t\t\t\t\t\t<\/div>\n\t\t\t\t<\/div>\n\t\t\t\t<div class=\"elementor-element elementor-element-d788104 elementor-widget elementor-widget-spacer\" data-id=\"d788104\" data-element_type=\"widget\" data-widget_type=\"spacer.default\">\n\t\t\t\t<div class=\"elementor-widget-container\">\n\t\t\t\t\t\t\t<div class=\"elementor-spacer\">\n\t\t\t<div class=\"elementor-spacer-inner\"><\/div>\n\t\t<\/div>\n\t\t\t\t\t\t<\/div>\n\t\t\t\t<\/div>\n\t\t\t\t\t<\/div>\n\t\t\t\t<\/div>\n\t\t<div class=\"elementor-element elementor-element-aff06b0 e-flex e-con-boxed e-con e-parent\" data-id=\"aff06b0\" data-element_type=\"container\">\n\t\t\t\t\t<div class=\"e-con-inner\">\n\t\t\t\t<div class=\"elementor-element elementor-element-1b95002 elementor-widget elementor-widget-image\" data-id=\"1b95002\" data-element_type=\"widget\" data-widget_type=\"image.default\">\n\t\t\t\t<div class=\"elementor-widget-container\">\n\t\t\t\t\t\t\t\t\t\t\t\t\t\t\t<img decoding=\"async\" src=\"https:\/\/www.oscart.eu\/wp-content\/uploads\/elementor\/thumbs\/ntgrate_logo-qic8r4lm8k0baxitcph27sc0zt62p26ta4vtbjtsdw.png\" title=\"ntgrate_logo\" alt=\"ntgrate_logo\" loading=\"lazy\" \/>\t\t\t\t\t\t\t\t\t\t\t\t\t\t\t<\/div>\n\t\t\t\t<\/div>\n\t\t\t\t<div class=\"elementor-element elementor-element-7afa717 elementor-widget elementor-widget-text-editor\" data-id=\"7afa717\" data-element_type=\"widget\" data-widget_type=\"text-editor.default\">\n\t\t\t\t<div class=\"elementor-widget-container\">\n\t\t\t\t\t\t\t\t\t<p>Ntgrate est une entreprise jeune et dynamique qui s\u2019est rapidement impos\u00e9e comme une r\u00e9f\u00e9rence mondiale dans le domaine des rev\u00eatements de sol en vinyle tiss\u00e9 haut de gamme. Design raffin\u00e9 et processus de production ultramoderne y vont de pair. Gr\u00e2ce \u00e0 des m\u00e9tiers \u00e0 tisser et jacquard de derni\u00e8re g\u00e9n\u00e9ration, ntgrate produit des dalles et des lames de sol de qualit\u00e9 sup\u00e9rieure. Dans le tout nouveau si\u00e8ge situ\u00e9 sur le site Evolis pr\u00e8s de Courtrai, une communication visuelle et sonore de haut niveau s\u2019imposait pour accueillir visiteurs et collaborateurs.\u00a0<a href=\"https:\/\/www.ntgrate.eu\/\">Ntgrate<\/a>\u00a0Pour cela, ntgrate s\u2019est tourn\u00e9e avec confiance vers Oscart, expert reconnu en digital signage, qui a con\u00e7u une solution globale impressionnante.<\/p>\t\t\t\t\t\t\t\t<\/div>\n\t\t\t\t<\/div>\n\t\t\t\t<div class=\"elementor-element elementor-element-7844079 elementor-widget elementor-widget-spacer\" data-id=\"7844079\" data-element_type=\"widget\" data-widget_type=\"spacer.default\">\n\t\t\t\t<div class=\"elementor-widget-container\">\n\t\t\t\t\t\t\t<div class=\"elementor-spacer\">\n\t\t\t<div class=\"elementor-spacer-inner\"><\/div>\n\t\t<\/div>\n\t\t\t\t\t\t<\/div>\n\t\t\t\t<\/div>\n\t\t\t\t<div class=\"elementor-element elementor-element-d97661f elementor-widget elementor-widget-text-editor\" data-id=\"d97661f\" data-element_type=\"widget\" data-widget_type=\"text-editor.default\">\n\t\t\t\t<div class=\"elementor-widget-container\">\n\t\t\t\t\t\t\t\t\t<p>Une signalisation intelligente au c\u0153ur de Courtrai<\/p>\t\t\t\t\t\t\t\t<\/div>\n\t\t\t\t<\/div>\n\t\t\t\t<div class=\"elementor-element elementor-element-0495b9a elementor-widget elementor-widget-text-editor\" data-id=\"0495b9a\" data-element_type=\"widget\" data-widget_type=\"text-editor.default\">\n\t\t\t\t<div class=\"elementor-widget-container\">\n\t\t\t\t\t\t\t\t\t<p>D\u00e8s l\u2019entr\u00e9e, les visiteurs sont accueillis par un \u00e9cran UHD parfaitement int\u00e9gr\u00e9 \u00e0 l\u2019espace, diffusant des messages visuels percutants. Le showroom, quant \u00e0 lui, est \u00e9quip\u00e9 d\u2019un mur vid\u00e9o saisissant compos\u00e9 de neuf \u00e9crans HD qui diffusent contenus visuels et vid\u00e9os dynamiques. Ce mur permet \u00e9galement de projeter facilement des pr\u00e9sentations ou des \u00e9crans d\u2019ordinateurs portables, sans le moindre c\u00e2ble ni mat\u00e9riel suppl\u00e9mentaire, gr\u00e2ce \u00e0 la technologie de Screen Mirroring sign\u00e9e Oscart. Dans la salle de r\u00e9union, un \u00e9cran UHD est accompagn\u00e9 d\u2019un syst\u00e8me de visioconf\u00e9rence et de la m\u00eame fonction de partage d\u2019\u00e9cran sans fil. Le showroom dispose aussi d\u2019un \u00e9cran UHD mobile et d\u2019un \u00e9cran interactif Samsung Flip 2, pour encore plus de flexibilit\u00e9.<\/p><p>\u00c0 l\u2019\u00e9tage, un espace de vie chaleureux avec bar, cuisine et coin d\u00e9tente permet de d\u00e9jeuner, de se r\u00e9unir ou de faire une pause dans un cadre agr\u00e9able. L\u00e0 aussi, Oscart a apport\u00e9 sa touche avec deux \u00e9crans : l\u2019un destin\u00e9 au digital signage, l\u2019autre \u00e0 la diffusion de contenus TV ou de streaming.<\/p><p>Dans les ateliers de production, un grand \u00e9cran central capte l\u2019attention et permet de diffuser des informations importantes, comme l\u2019\u00e9tat d\u2019avancement des projets ou des messages internes \u00e0 destination du personnel.<\/p>\t\t\t\t\t\t\t\t<\/div>\n\t\t\t\t<\/div>\n\t\t\t\t\t<\/div>\n\t\t\t\t<\/div>\n\t\t<div class=\"elementor-element elementor-element-033f25b e-flex e-con-boxed e-con e-parent\" data-id=\"033f25b\" data-element_type=\"container\" data-settings=\"{&quot;background_background&quot;:&quot;gradient&quot;}\">\n\t\t\t\t\t<div class=\"e-con-inner\">\n\t\t\t\t<div class=\"elementor-element elementor-element-3bd3209 elementor-widget elementor-widget-text-editor\" data-id=\"3bd3209\" data-element_type=\"widget\" data-widget_type=\"text-editor.default\">\n\t\t\t\t<div class=\"elementor-widget-container\">\n\t\t\t\t\t\t\t\t\t<p>Audio invisible, qualit\u00e9 audible<\/p>\t\t\t\t\t\t\t\t<\/div>\n\t\t\t\t<\/div>\n\t\t\t\t<div class=\"elementor-element elementor-element-512d456 elementor-widget elementor-widget-text-editor\" data-id=\"512d456\" data-element_type=\"widget\" data-widget_type=\"text-editor.default\">\n\t\t\t\t<div class=\"elementor-widget-container\">\n\t\t\t\t\t\t\t\t\t<p>Au-del\u00e0 des installations visuelles, ntgrate a aussi confi\u00e9 \u00e0 Oscart la mise en place d\u2019un syst\u00e8me audio discret mais puissant, r\u00e9parti entre le rez-de-chauss\u00e9e et l\u2019\u00e9tage.<\/p><p>Douze haut-parleurs invisibles et deux caissons de basse, associ\u00e9s \u00e0 des amplificateurs et des modules comme Spotify, Bluetooth et radio internet, assurent une exp\u00e9rience sonore d\u2019exception, sans qu\u2019aucun \u00e9quipement ne soit visible. Tout est int\u00e9gr\u00e9 avec soin dans le plafond et les meubles.<\/p><p>L\u2019espace de d\u00e9tente b\u00e9n\u00e9ficie d\u2019un syst\u00e8me similaire: six haut-parleurs int\u00e9gr\u00e9s, deux caissons de basse et les m\u00eames fonctionnalit\u00e9s audio, assurant une continuit\u00e9 dans le confort et la qualit\u00e9. M\u00eame les sanitaires sont \u00e9quip\u00e9s de haut-parleurs pour diffuser de la musique ou des messages via la radio internet.<\/p>\t\t\t\t\t\t\t\t<\/div>\n\t\t\t\t<\/div>\n\t\t\t\t<div class=\"elementor-element elementor-element-3aa6808 elementor-widget elementor-widget-image\" data-id=\"3aa6808\" data-element_type=\"widget\" data-widget_type=\"image.default\">\n\t\t\t\t<div class=\"elementor-widget-container\">\n\t\t\t\t\t\t\t\t\t\t\t\t\t\t\t<img decoding=\"async\" src=\"https:\/\/www.oscart.eu\/wp-content\/uploads\/2025\/03\/ntgrate-8-Aangepast.webp\" title=\"\" alt=\"\" loading=\"lazy\" \/>\t\t\t\t\t\t\t\t\t\t\t\t\t\t\t<\/div>\n\t\t\t\t<\/div>\n\t\t\t\t<div class=\"elementor-element elementor-element-3ff5e4a elementor-widget elementor-widget-spacer\" data-id=\"3ff5e4a\" data-element_type=\"widget\" data-widget_type=\"spacer.default\">\n\t\t\t\t<div class=\"elementor-widget-container\">\n\t\t\t\t\t\t\t<div class=\"elementor-spacer\">\n\t\t\t<div class=\"elementor-spacer-inner\"><\/div>\n\t\t<\/div>\n\t\t\t\t\t\t<\/div>\n\t\t\t\t<\/div>\n\t\t\t\t\t<\/div>\n\t\t\t\t<\/div>\n\t\t<div class=\"elementor-element elementor-element-fd075b0 e-flex e-con-boxed e-con e-parent\" data-id=\"fd075b0\" data-element_type=\"container\">\n\t\t\t\t\t<div class=\"e-con-inner\">\n\t\t\t\t<div class=\"elementor-element elementor-element-55b83a9 elementor-widget elementor-widget-text-editor\" data-id=\"55b83a9\" data-element_type=\"widget\" data-widget_type=\"text-editor.default\">\n\t\t\t\t<div class=\"elementor-widget-container\">\n\t\t\t\t\t\t\t\t\t<p>Une solution globale, sans compromis<\/p>\t\t\t\t\t\t\t\t<\/div>\n\t\t\t\t<\/div>\n\t\t\t\t<div class=\"elementor-element elementor-element-36c4929 elementor-widget elementor-widget-text-editor\" data-id=\"36c4929\" data-element_type=\"widget\" data-widget_type=\"text-editor.default\">\n\t\t\t\t<div class=\"elementor-widget-container\">\n\t\t\t\t\t\t\t\t\t<p>Ce projet d\u00e9montre une fois de plus qu\u2019Oscart ne se limite pas \u00e0 la fourniture d\u2019\u00e9crans de digital signage. L\u2019entreprise propose des solutions audiovisuelles compl\u00e8tes, parfaitement int\u00e9gr\u00e9es, incluant \u00e9galement des syst\u00e8mes de r\u00e9union. Le tout avec un accompagnement professionnel, depuis la conception jusqu\u2019au support apr\u00e8s installation.<\/p><p><b>Pascal Vantomme, CEO de ntgrate:<\/b>\u00a0\u00ab Les solutions propos\u00e9es par Oscart correspondent parfaitement \u00e0 nos standards : la recherche constante de la perfection. Gr\u00e2ce \u00e0 leurs installations, nous pouvons d\u00e9sormais informer, captiver et impliquer aussi bien nos visiteurs que nos collaborateurs. La possibilit\u00e9 de projeter sans fil repr\u00e9sente un r\u00e9el atout. Quant \u00e0 la qualit\u00e9 audio, elle est tout simplement bluffante. \u00bb<\/p><p>Oscart ne fournit pas seulement des \u00e9crans d&#039;affichage dynamique \u00e0 Courtrai ou en Flandre occidentale, nos sp\u00e9cialistes travaillent dans toute la Belgique. Curieux de savoir ce que nous pouvons faire pour vous ? Prends maintenant\u00a0<a href=\"\/fr\/contact\/\">Contact<\/a>\u00a0sur!<\/p>\t\t\t\t\t\t\t\t<\/div>\n\t\t\t\t<\/div>\n\t\t\t\t\t<\/div>\n\t\t\t\t<\/div>\n\t\t<div class=\"elementor-element elementor-element-a65538c e-flex e-con-boxed e-con e-parent\" data-id=\"a65538c\" data-element_type=\"container\">\n\t\t\t\t\t<div class=\"e-con-inner\">\n\t\t<div class=\"elementor-element elementor-element-e5f2bef e-flex e-con-boxed e-con e-child\" data-id=\"e5f2bef\" data-element_type=\"container\">\n\t\t\t\t\t<div class=\"e-con-inner\">\n\t\t<div class=\"elementor-element elementor-element-d532745 e-con-full e-flex e-con e-child\" data-id=\"d532745\" data-element_type=\"container\">\n\t\t\t\t<div class=\"elementor-element elementor-element-dc8ef3d elementor-view-default elementor-widget elementor-widget-icon\" data-id=\"dc8ef3d\" data-element_type=\"widget\" data-widget_type=\"icon.default\">\n\t\t\t\t<div class=\"elementor-widget-container\">\n\t\t\t\t\t\t\t<div class=\"elementor-icon-wrapper\">\n\t\t\t<div class=\"elementor-icon\">\n\t\t\t<svg aria-hidden=\"true\" class=\"e-font-icon-svg e-fas-comment-medical\" viewbox=\"0 0 512 512\" xmlns=\"http:\/\/www.w3.org\/2000\/svg\"><path d=\"M256 32C114.62 32 0 125.12 0 240c0 49.56 21.41 95 57 130.74C44.46 421.05 2.7 466 2.2 466.5A8 8 0 0 0 8 480c66.26 0 116-31.75 140.6-51.38A304.66 304.66 0 0 0 256 448c141.39 0 256-93.12 256-208S397.39 32 256 32zm96 232a8 8 0 0 1-8 8h-56v56a8 8 0 0 1-8 8h-48a8 8 0 0 1-8-8v-56h-56a8 8 0 0 1-8-8v-48a8 8 0 0 1 8-8h56v-56a8 8 0 0 1 8-8h48a8 8 0 0 1 8 8v56h56a8 8 0 0 1 8 8z\"><\/path><\/svg>\t\t\t<\/div>\n\t\t<\/div>\n\t\t\t\t\t\t<\/div>\n\t\t\t\t<\/div>\n\t\t\t\t<div class=\"elementor-element elementor-element-643aa4d elementor-widget elementor-widget-text-editor\" data-id=\"643aa4d\" data-element_type=\"widget\" data-widget_type=\"text-editor.default\">\n\t\t\t\t<div class=\"elementor-widget-container\">\n\t\t\t\t\t\t\t\t\t<p>Question ou probl\u00e8me technique ?\u00a0<a href=\"\/fr\/support\/\">Contactez notre support<\/a>.<\/p>\t\t\t\t\t\t\t\t<\/div>\n\t\t\t\t<\/div>\n\t\t\t\t<\/div>\n\t\t<div class=\"elementor-element elementor-element-09d4c96 e-con-full e-flex e-con e-child\" data-id=\"09d4c96\" data-element_type=\"container\">\n\t\t\t\t<div class=\"elementor-element elementor-element-005034d elementor-view-default elementor-widget elementor-widget-icon\" data-id=\"005034d\" data-element_type=\"widget\" data-widget_type=\"icon.default\">\n\t\t\t\t<div class=\"elementor-widget-container\">\n\t\t\t\t\t\t\t<div class=\"elementor-icon-wrapper\">\n\t\t\t<div class=\"elementor-icon\">\n\t\t\t<svg aria-hidden=\"true\" class=\"e-font-icon-svg e-fas-coffee\" viewbox=\"0 0 640 512\" xmlns=\"http:\/\/www.w3.org\/2000\/svg\"><path d=\"M192 384h192c53 0 96-43 96-96h32c70.6 0 128-57.4 128-128S582.6 32 512 32H120c-13.3 0-24 10.7-24 24v232c0 53 43 96 96 96zM512 96c35.3 0 64 28.7 64 64s-28.7 64-64 64h-32V96h32zm47.7 384H48.3c-47.6 0-61-64-36-64h583.3c25 0 11.8 64-35.9 64z\"><\/path><\/svg>\t\t\t<\/div>\n\t\t<\/div>\n\t\t\t\t\t\t<\/div>\n\t\t\t\t<\/div>\n\t\t\t\t<div class=\"elementor-element elementor-element-59bd0ca elementor-widget elementor-widget-text-editor\" data-id=\"59bd0ca\" data-element_type=\"widget\" data-widget_type=\"text-editor.default\">\n\t\t\t\t<div class=\"elementor-widget-container\">\n\t\t\t\t\t\t\t\t\t<p>Oscart vous int\u00e9resse et vous souhaitez plus d\u2019informations ou une d\u00e9mo ? Donnez-en juste un\u00a0<a href=\"\/fr\/contact\/\">signal<\/a>!<\/p>\t\t\t\t\t\t\t\t<\/div>\n\t\t\t\t<\/div>\n\t\t\t\t<\/div>\n\t\t\t\t\t<\/div>\n\t\t\t\t<\/div>\n\t\t\t\t\t<\/div>\n\t\t\t\t<\/div>\n\t\t\t\t<\/div>","protected":false},"excerpt":{"rendered":"<p>Affichage num\u00e9rique et audio Oscart chez ntgrate Courtrai, leader mondial des sols en vinyle. \/*! elementor \u2013 v3.18.0 \u2013 20\/12\/2023 *\/ .elementor-column .elementor-spacer-inner{hauteur:var(\u2013spacer-size)}.e-con{\u2013container-widget-width:100%}.e -con-<\/p>","protected":false},"author":242907533,"featured_media":0,"parent":0,"menu_order":0,"comment_status":"closed","ping_status":"closed","template":"","meta":{"footnotes":""},"yoast_head":"<!-- This site is optimized with the Yoast SEO plugin v24.1 - https:\/\/yoast.com\/wordpress\/plugins\/seo\/ -->\n<title>ntgrate - Oscart<\/title>\n<meta name=\"description\" content=\"Ntgrate koos vastberaden voor Oscart, autoriteit in digital signage, dat instond voor het realiseren van een indrukwekkende totaaloplossing.\" \/>\n<meta name=\"robots\" content=\"index, follow, max-snippet:-1, max-image-preview:large, max-video-preview:-1\" \/>\n<link rel=\"canonical\" href=\"https:\/\/www.oscart.eu\/fr\/ntgrate\/\" \/>\n<meta property=\"og:locale\" content=\"fr_FR\" \/>\n<meta property=\"og:type\" content=\"article\" \/>\n<meta property=\"og:title\" content=\"ntgrate - Oscart\" \/>\n<meta property=\"og:description\" content=\"Ntgrate koos vastberaden voor Oscart, autoriteit in digital signage, dat instond voor het realiseren van een indrukwekkende totaaloplossing.\" \/>\n<meta property=\"og:url\" content=\"https:\/\/www.oscart.eu\/fr\/ntgrate\/\" \/>\n<meta property=\"og:site_name\" content=\"Oscart\" \/>\n<meta property=\"article:modified_time\" content=\"2025-04-24T07:02:18+00:00\" \/>\n<meta name=\"twitter:card\" content=\"summary_large_image\" \/>\n<meta name=\"twitter:label1\" content=\"Dur\u00e9e de lecture est.\" \/>\n\t<meta name=\"twitter:data1\" content=\"3 minutes\" \/>\n<script type=\"application\/ld+json\" class=\"yoast-schema-graph\">{\"@context\":\"https:\/\/schema.org\",\"@graph\":[{\"@type\":\"WebPage\",\"@id\":\"https:\/\/www.oscart.eu\/ntgrate\/\",\"url\":\"https:\/\/www.oscart.eu\/ntgrate\/\",\"name\":\"ntgrate - Oscart\",\"isPartOf\":{\"@id\":\"https:\/\/www.oscart.eu\/#website\"},\"datePublished\":\"2023-12-11T09:41:04+00:00\",\"dateModified\":\"2025-04-24T07:02:18+00:00\",\"description\":\"Ntgrate koos vastberaden voor Oscart, autoriteit in digital signage, dat instond voor het realiseren van een indrukwekkende totaaloplossing.\",\"breadcrumb\":{\"@id\":\"https:\/\/www.oscart.eu\/ntgrate\/#breadcrumb\"},\"inLanguage\":\"fr-BE\",\"potentialAction\":[{\"@type\":\"ReadAction\",\"target\":[\"https:\/\/www.oscart.eu\/ntgrate\/\"]}]},{\"@type\":\"BreadcrumbList\",\"@id\":\"https:\/\/www.oscart.eu\/ntgrate\/#breadcrumb\",\"itemListElement\":[{\"@type\":\"ListItem\",\"position\":1,\"name\":\"Home\",\"item\":\"https:\/\/www.oscart.eu\/\"},{\"@type\":\"ListItem\",\"position\":2,\"name\":\"ntgrate\"}]},{\"@type\":\"WebSite\",\"@id\":\"https:\/\/www.oscart.eu\/#website\",\"url\":\"https:\/\/www.oscart.eu\/\",\"name\":\"Oscart\",\"description\":\"Your story, your screen\",\"publisher\":{\"@id\":\"https:\/\/www.oscart.eu\/#organization\"},\"potentialAction\":[{\"@type\":\"SearchAction\",\"target\":{\"@type\":\"EntryPoint\",\"urlTemplate\":\"https:\/\/www.oscart.eu\/?s={search_term_string}\"},\"query-input\":{\"@type\":\"PropertyValueSpecification\",\"valueRequired\":true,\"valueName\":\"search_term_string\"}}],\"inLanguage\":\"fr-BE\"},{\"@type\":\"Organization\",\"@id\":\"https:\/\/www.oscart.eu\/#organization\",\"name\":\"Oscart\",\"url\":\"https:\/\/www.oscart.eu\/\",\"logo\":{\"@type\":\"ImageObject\",\"inLanguage\":\"fr-BE\",\"@id\":\"https:\/\/www.oscart.eu\/#\/schema\/logo\/image\/\",\"url\":\"https:\/\/www.oscart.eu\/wp-content\/uploads\/2024\/05\/logo-oscart.svg\",\"contentUrl\":\"https:\/\/www.oscart.eu\/wp-content\/uploads\/2024\/05\/logo-oscart.svg\",\"width\":250,\"height\":79,\"caption\":\"Oscart\"},\"image\":{\"@id\":\"https:\/\/www.oscart.eu\/#\/schema\/logo\/image\/\"}}]}<\/script>\n<!-- \/ Yoast SEO plugin. -->","yoast_head_json":{"title":"ntgrate - Oscart","description":"Ntgrate koos vastberaden voor Oscart, autoriteit in digital signage, dat instond voor het realiseren van een indrukwekkende totaaloplossing.","robots":{"index":"index","follow":"follow","max-snippet":"max-snippet:-1","max-image-preview":"max-image-preview:large","max-video-preview":"max-video-preview:-1"},"canonical":"https:\/\/www.oscart.eu\/fr\/ntgrate\/","og_locale":"fr_FR","og_type":"article","og_title":"ntgrate - Oscart","og_description":"Ntgrate koos vastberaden voor Oscart, autoriteit in digital signage, dat instond voor het realiseren van een indrukwekkende totaaloplossing.","og_url":"https:\/\/www.oscart.eu\/fr\/ntgrate\/","og_site_name":"Oscart","article_modified_time":"2025-04-24T07:02:18+00:00","twitter_card":"summary_large_image","twitter_misc":{"Dur\u00e9e de lecture est.":"3 minutes"},"schema":{"@context":"https:\/\/schema.org","@graph":[{"@type":"WebPage","@id":"https:\/\/www.oscart.eu\/ntgrate\/","url":"https:\/\/www.oscart.eu\/ntgrate\/","name":"ntgrate - Oscart","isPartOf":{"@id":"https:\/\/www.oscart.eu\/#website"},"datePublished":"2023-12-11T09:41:04+00:00","dateModified":"2025-04-24T07:02:18+00:00","description":"Ntgrate koos vastberaden voor Oscart, autoriteit in digital signage, dat instond voor het realiseren van een indrukwekkende totaaloplossing.","breadcrumb":{"@id":"https:\/\/www.oscart.eu\/ntgrate\/#breadcrumb"},"inLanguage":"fr-BE","potentialAction":[{"@type":"ReadAction","target":["https:\/\/www.oscart.eu\/ntgrate\/"]}]},{"@type":"BreadcrumbList","@id":"https:\/\/www.oscart.eu\/ntgrate\/#breadcrumb","itemListElement":[{"@type":"ListItem","position":1,"name":"Home","item":"https:\/\/www.oscart.eu\/"},{"@type":"ListItem","position":2,"name":"ntgrate"}]},{"@type":"WebSite","@id":"https:\/\/www.oscart.eu\/#website","url":"https:\/\/www.oscart.eu\/","name":"Oscart","description":"Your story, your screen","publisher":{"@id":"https:\/\/www.oscart.eu\/#organization"},"potentialAction":[{"@type":"SearchAction","target":{"@type":"EntryPoint","urlTemplate":"https:\/\/www.oscart.eu\/?s={search_term_string}"},"query-input":{"@type":"PropertyValueSpecification","valueRequired":true,"valueName":"search_term_string"}}],"inLanguage":"fr-BE"},{"@type":"Organization","@id":"https:\/\/www.oscart.eu\/#organization","name":"Oscart","url":"https:\/\/www.oscart.eu\/","logo":{"@type":"ImageObject","inLanguage":"fr-BE","@id":"https:\/\/www.oscart.eu\/#\/schema\/logo\/image\/","url":"https:\/\/www.oscart.eu\/wp-content\/uploads\/2024\/05\/logo-oscart.svg","contentUrl":"https:\/\/www.oscart.eu\/wp-content\/uploads\/2024\/05\/logo-oscart.svg","width":250,"height":79,"caption":"Oscart"},"image":{"@id":"https:\/\/www.oscart.eu\/#\/schema\/logo\/image\/"}}]}},"_links":{"self":[{"href":"https:\/\/www.oscart.eu\/fr\/wp-json\/wp\/v2\/pages\/481"}],"collection":[{"href":"https:\/\/www.oscart.eu\/fr\/wp-json\/wp\/v2\/pages"}],"about":[{"href":"https:\/\/www.oscart.eu\/fr\/wp-json\/wp\/v2\/types\/page"}],"author":[{"embeddable":true,"href":"https:\/\/www.oscart.eu\/fr\/wp-json\/wp\/v2\/users\/242907533"}],"replies":[{"embeddable":true,"href":"https:\/\/www.oscart.eu\/fr\/wp-json\/wp\/v2\/comments?post=481"}],"version-history":[{"count":41,"href":"https:\/\/www.oscart.eu\/fr\/wp-json\/wp\/v2\/pages\/481\/revisions"}],"predecessor-version":[{"id":2949,"href":"https:\/\/www.oscart.eu\/fr\/wp-json\/wp\/v2\/pages\/481\/revisions\/2949"}],"wp:attachment":[{"href":"https:\/\/www.oscart.eu\/fr\/wp-json\/wp\/v2\/media?parent=481"}],"curies":[{"name":"wp","href":"https:\/\/api.w.org\/{rel}","templated":true}]}}