{"id":172,"date":"2023-12-04T13:39:33","date_gmt":"2023-12-04T13:39:33","guid":{"rendered":"https:\/\/oscart.eu\/?page_id=172"},"modified":"2026-04-25T09:36:00","modified_gmt":"2026-04-25T09:36:00","slug":"privacy-policy","status":"publish","type":"page","link":"https:\/\/www.oscart.eu\/fr\/privacy-policy\/","title":{"rendered":"Privacy Policy"},"content":{"rendered":"<div data-elementor-type=\"wp-page\" data-elementor-id=\"172\" class=\"elementor elementor-172\">\n\t\t\t\t<div class=\"elementor-element elementor-element-5daceab e-flex e-con-boxed e-con e-parent\" data-id=\"5daceab\" data-element_type=\"container\" data-e-type=\"container\">\n\t\t\t\t\t<div class=\"e-con-inner\">\n\t\t\t\t<div class=\"elementor-element elementor-element-491e433 elementor-widget elementor-widget-text-editor\" data-id=\"491e433\" data-element_type=\"widget\" data-e-type=\"widget\" data-widget_type=\"text-editor.default\">\n\t\t\t\t<div class=\"elementor-widget-container\">\n\t\t\t\t\t\t\t\t\t<p>Politique de confidentialit\u00e9<\/p>\t\t\t\t\t\t\t\t<\/div>\n\t\t\t\t<\/div>\n\t\t\t\t<div class=\"elementor-element elementor-element-5b18eee elementor-widget elementor-widget-text-editor\" data-id=\"5b18eee\" data-element_type=\"widget\" data-e-type=\"widget\" data-widget_type=\"text-editor.default\">\n\t\t\t\t<div class=\"elementor-widget-container\">\n\t\t\t\t\t\t\t\t\t<p>Oscart Group NV attache une grande importance \u00e0 la protection de vos donn\u00e9es personnelles (et au respect de votre vie priv\u00e9e). Dans cette d\u00e9claration de confidentialit\u00e9, nous souhaitons fournir des informations claires et transparentes sur les donn\u00e9es que nous collectons et sur la mani\u00e8re dont nous traitons les donn\u00e9es personnelles. Nous faisons tout notre possible pour garantir votre confidentialit\u00e9 et traiter les donn\u00e9es personnelles avec soin. Oscart Group NV est dans tous les cas soumis aux lois et r\u00e9glementations applicables, y compris le R\u00e8glement G\u00e9n\u00e9ral sur la Protection des Donn\u00e9es (R\u00e8glement UE 2016\/679).<\/p><ul><li>Nous traitons vos donn\u00e9es personnelles conform\u00e9ment \u00e0 la finalit\u00e9 pour laquelle elles ont \u00e9t\u00e9 fournies. Ces finalit\u00e9s et le type de donn\u00e9es personnelles sont d\u00e9crits dans la pr\u00e9sente d\u00e9claration de confidentialit\u00e9.<\/li><li>Nous traitons uniquement les donn\u00e9es personnelles qui sont minimalement n\u00e9cessaires \u00e0 leurs finalit\u00e9s.<\/li><li>Si nous avons besoin de votre consentement explicite pour traiter vos donn\u00e9es personnelles, nous le demanderons toujours.<\/li><li>Nous avons pris les mesures techniques et organisationnelles appropri\u00e9es pour assurer la s\u00e9curit\u00e9 de vos donn\u00e9es personnelles.<\/li><li>Nous ne transmettons pas de donn\u00e9es personnelles \u00e0 des tiers, sauf si cela est n\u00e9cessaire \u00e0 la r\u00e9alisation des finalit\u00e9s pour lesquelles ces donn\u00e9es ont \u00e9t\u00e9 fournies ou si la loi l&#039;exige.<\/li><li>Nous souhaitons vous informer que nous connaissons et respectons vos droits concernant vos donn\u00e9es personnelles.<\/li><\/ul><p>Chez Oscart Group NV, nous sommes responsables de la mani\u00e8re dont vos donn\u00e9es personnelles sont trait\u00e9es. Si vous avez des questions apr\u00e8s avoir lu notre d\u00e9claration de confidentialit\u00e9, vous trouverez nos coordonn\u00e9es ci-dessous.<\/p><p>Groupe Oscart SA<br \/>Politieke Gevangenenstraat 28<br \/>8530 Harelbeke<br \/>Belgique<br \/><a href=\"mailto:info@oscart.eu\" data-cke-saved-href=\"mailto:info@oscart.eu\">info@oscart.eu<\/a><\/p><p><b>\u00c0 qui s\u2019adresse cette d\u00e9claration de confidentialit\u00e9 ?<\/b><br \/>Cette d\u00e9claration de confidentialit\u00e9 s&#039;adresse \u00e0 tous nos membres actuels et anciens, participants aux activit\u00e9s, fournisseurs, clients, prospects, employ\u00e9s et personnes int\u00e9ress\u00e9es par nos activit\u00e9s, services ou produits.<\/p><p><strong>\u00c0 quelles fins traitons-nous vos donn\u00e9es personnelles ?<br \/><\/strong><b>Pour les utilisateurs de la plateforme oscart.eu :<\/b><br \/>Donn\u00e9es personnelles, par ex.\u00a0<em>nom, pr\u00e9nom, adresse e-mail, langue, photo, mot de passe, authentification en 2 \u00e9tapes, droits d&#039;utilisateur, nom de la soci\u00e9t\u00e9, adresse IP, nombre de tentatives de connexion incorrectes, actions entreprises sur le site internet, e-mail ou autres messages d&#039;Oscart que tu as re\u00e7u<\/em>, sont trait\u00e9s par Oscart Group NV pour les finalit\u00e9s et fondements juridiques suivants\u00a0:<\/p><ul><li>Connectez-vous \u00e0 oscart.be (accord)<\/li><li>Fournir une s\u00e9curit\u00e9 suppl\u00e9mentaire pour votre compte (consentement)<\/li><li>Envoyez un nouveau mot de passe par email si vous avez oubli\u00e9 votre ancien mot de passe (consentement)<\/li><li>Contact personnel par e-mail (int\u00e9r\u00eat l\u00e9gitime)<\/li><li>Afficher du contenu sp\u00e9cifique \u00e0 votre entreprise (accord)<\/li><li>Blocage des comptes apr\u00e8s un nombre X de tentatives de connexion incorrectes (int\u00e9r\u00eat l\u00e9gitime)<\/li><li>Suivez les utilisateurs si des actions ind\u00e9sirables ont \u00e9t\u00e9 effectu\u00e9es sur le compte de l&#039;entreprise. (int\u00e9r\u00eat l\u00e9gitime)<\/li><li>Assurer une formation (convention)<\/li><li>Garder une trace de qui a suivi une formation (int\u00e9r\u00eat l\u00e9gitime)<\/li><li>Communiquer dans la bonne langue (int\u00e9r\u00eat l\u00e9gitime)<\/li><li>D\u00e9terminer le type d&#039;actions auxquelles vous avez droit (accord)<\/li><li>Activer une reconnaissance utilisateur plus rapide (autorisation)<\/li><li>Envoi d&#039;informations commerciales sur nos produits, newsletters et invitations (consentement)<\/li><li>Envoi d&#039;emails avec une offre (directement li\u00e9e \u00e0 une visite r\u00e9cente) (consentement)<\/li><\/ul><p><b>Pour les personnes en contact (in)direct avec les employ\u00e9s d&#039;Oscart Group SA :<\/b><br \/>Donn\u00e9es personnelles, par ex.\u00a0<em>nom, pr\u00e9nom, adresse, adresse e-mail, raison sociale, num\u00e9ro de t\u00e9l\u00e9phone de l&#039;entreprise, adresse de l&#039;entreprise, num\u00e9ro de t\u00e9l\u00e9phone portable, tags, fonction<\/em>\u00a0sont trait\u00e9es par Oscart Group NV pour les finalit\u00e9s et fondements juridiques suivants\u00a0:<\/p><ul><li>R\u00e9ponses aux questions entrantes (consentement)<\/li><li>Prospection (int\u00e9r\u00eat l\u00e9gitime)<\/li><li>Etablir des devis et\/ou des factures (consentement et accord)<\/li><li>Envoi de devis (int\u00e9r\u00eat l\u00e9gitime)<\/li><li>G\u00e9rer les fichiers (accord)<\/li><\/ul><p>Le traitement des donn\u00e9es personnelles \u00e9tant bas\u00e9 sur le consentement, vous avez toujours le droit de retirer le consentement donn\u00e9.<\/p><p><b>Pour les (anciens) salari\u00e9s, nous nous r\u00e9f\u00e9rons au r\u00e8glement int\u00e9rieur.<\/b><br \/>Nous collectons uniquement les donn\u00e9es personnelles fournies par vous ou votre entreprise, y compris\u00a0<em>formulaires d&#039;inscription, formulaires \u00e0 remplir et formulaires de contact sur notre site internet, contact personnel\/t\u00e9l\u00e9phonique\/e-mail, ....<\/em>\u00a0Nous ne collectons pas de donn\u00e9es personnelles par l&#039;interm\u00e9diaire de tiers, \u00e0 l&#039;exception des organisations de salons auxquels nous avons particip\u00e9.<br \/>Nous utilisons les donn\u00e9es collect\u00e9es uniquement aux fins pour lesquelles nous les avons obtenues.<\/p><p><b>Fourniture de donn\u00e9es personnelles \u00e0 des tiers<\/b><br \/>Nous pouvons fournir vos informations \u00e0 des tiers si cela est n\u00e9cessaire pour atteindre les objectifs d\u00e9crits ci-dessus ou si cela est requis par la loi. Nous faisons appel \u00e0 un tiers (prestataire externe) pour les finalit\u00e9s ci-dessous :<\/p><ul><li>Stockage et traitement des donn\u00e9es dans le cloud (via un fournisseur de services cloud)<\/li><li>Am\u00e9liorer l&#039;environnement Internet (h\u00e9bergement web, h\u00e9bergement mail, etc.)<\/li><li>Fournir une infrastructure informatique (y compris un r\u00e9seau informatique, des serveurs, etc.)<\/li><li>S&#039;occuper de l&#039;administration (financi\u00e8re)<\/li><li>Proposer et diffuser des newsletters et des invitations<\/li><li>Utiliser les services gouvernementaux<\/li><li>Participer \u00e0 des formations externes<\/li><li>Organiser des activit\u00e9s en collaboration \u2013 activit\u00e9s d\u00e9velopp\u00e9es avec deux organisations ou plus, y compris la coproduction<\/li><\/ul><p>Nous ne transmettons jamais de donn\u00e9es personnelles \u00e0 des prestataires de services externes (sous-traitants) avec lesquels nous n&#039;avons pas conclu de contrat de traitement (ou pour lesquels les m\u00eames dispositions sont incluses dans les conditions contractuelles). Nous prendrons bien entendu les dispositions n\u00e9cessaires avec ces parties pour assurer la s\u00e9curit\u00e9 de vos donn\u00e9es personnelles et le traitement confidentiel de vos donn\u00e9es. De plus, nous ne transmettrons pas les informations que vous fournissez \u00e0 d\u2019autres tiers, sauf si la loi l\u2019exige et l\u2019autorise.<\/p><p>Nous ne vendons ni ne louons jamais vos informations personnelles \u00e0 des tiers. Nous ne transmettons jamais vos coordonn\u00e9es \u00e0 des tiers \u00e0 des fins commerciales. Nous pouvons partager des donn\u00e9es personnelles avec d&#039;autres tiers si vous nous donnez votre consentement expr\u00e8s. Vous avez le droit de retirer ce consentement \u00e0 tout moment.<br \/>Vos donn\u00e9es personnelles peuvent \u00eatre transf\u00e9r\u00e9es vers des pays en dehors de l\u2019Espace \u00e9conomique europ\u00e9en. Dans ce cas, vos donn\u00e9es personnelles seront prot\u00e9g\u00e9es par des obligations contractuelles sp\u00e9cifiques conform\u00e9ment aux obligations de la r\u00e9glementation europ\u00e9enne en mati\u00e8re de confidentialit\u00e9.<\/p><p><b>P\u00e9riode de stockage<\/b><br \/>Oscart Group SA ne conserve pas les donn\u00e9es personnelles plus longtemps que n\u00e9cessaire pour atteindre les finalit\u00e9s pour lesquelles les donn\u00e9es ont \u00e9t\u00e9 fournies, en tenant compte de la p\u00e9riode requise pour se conformer aux exigences l\u00e9gales (y compris dans le domaine comptable). Cependant, les dur\u00e9es de conservation peuvent diff\u00e9rer pour chaque finalit\u00e9.<\/p><p><b>S\u00e9curit\u00e9 des donn\u00e9es<\/b><br \/>Nos partenaires (sous-traitants) et nous-m\u00eames avons pris les mesures techniques et organisationnelles appropri\u00e9es pour prot\u00e9ger vos donn\u00e9es personnelles contre tout acc\u00e8s, utilisation, perte ou divulgation non autoris\u00e9s (\u2026 violations, pertes et traitements illicites\u2026).<br \/>Si un incident survient impliquant vos donn\u00e9es, vous en serez personnellement inform\u00e9 dans les circonstances pr\u00e9vues par la loi.<\/p><p><strong>Vos droits et obligations concernant votre vie priv\u00e9e<br \/><\/strong>Vous avez le droit de consulter et de copier les donn\u00e9es personnelles vous concernant. Vous avez le droit et l&#039;obligation de rectifier et de fournir vos donn\u00e9es si elles sont incorrectes ou incompl\u00e8tes. Vous avez le droit de demander la suppression de vos donn\u00e9es personnelles lorsque ces donn\u00e9es ne sont plus strictement n\u00e9cessaires aux finalit\u00e9s pour lesquelles elles ont \u00e9t\u00e9 trait\u00e9es. Nous avons le droit de d\u00e9terminer si votre demande est justifi\u00e9e. Vous avez le droit de restreindre le traitement des donn\u00e9es. Vous avez le droit de demander que nous ne traitions plus certaines donn\u00e9es. Vous pouvez \u00e9galement vous opposer \u00e0 la mani\u00e8re dont vos donn\u00e9es personnelles sont trait\u00e9es.<\/p><p>Par exemple, vous avez le droit de vous opposer \u00e0 l&#039;utilisation de vos donn\u00e9es personnelles \u00e0 des fins de marketing direct (en utilisant les options de d\u00e9sabonnement dans les e-mails). Vous pouvez \u00e9galement nous demander de fournir vos informations personnelles \u00e0 vous-m\u00eame ou \u00e0 un tiers. Veuillez utiliser l&#039;adresse en haut de cette d\u00e9claration de confidentialit\u00e9 pour nous contacter afin d&#039;exercer vos droits, en joignant une motivation pour votre demande. Nous pouvons vous demander de vous identifier avant de pouvoir r\u00e9pondre aux demandes ci-dessus. Pour \u00e9viter les abus, nous pouvons vous demander de vous identifier. Veuillez joindre \u00e0 votre demande une copie du recto de votre carte d&#039;identit\u00e9. Nous vous recommandons fortement de rendre invisible votre photo d\u2019identit\u00e9 et d\u2019indiquer qu\u2019il s\u2019agit d\u2019une copie. Aucune des cat\u00e9gories de personnes ci-dessus n\u2019est soumise \u00e0 une prise de d\u00e9cision automatis\u00e9e ou \u00e0 un profilage.<\/p><p><b>Responsabilit\u00e9 d&#039;Oscart<\/b><br \/>La responsabilit\u00e9 d&#039;Oscart est limit\u00e9e \u00e0 la r\u00e9paration des dommages pr\u00e9visibles et directs subis par le client.<\/p><p><b>Responsabilit\u00e9 du client<\/b><br \/>Le client est responsable de l&#039;utilisation l\u00e9gale et contractuelle des services et produits et r\u00e9pond de tous les dommages caus\u00e9s \u00e0 Oscart ou \u00e0 des tiers. Le contenu de la communication \u00e9tablie par le client dans le cadre de l&#039;utilisation des services et produits reste sous sa seule responsabilit\u00e9.<\/p><p>Oscart se garantit contre toutes r\u00e9clamations formul\u00e9es par des tiers contre Oscart sur la base d&#039;une utilisation incorrecte et\/ou ill\u00e9gale du service ou du produit.<br \/>Pour acc\u00e9der aux services et produits, le client re\u00e7oit un ou plusieurs identifiants et mots de passe personnels. Le client est responsable de la confidentialit\u00e9, de la s\u00e9curit\u00e9 et de l&#039;utilisation appropri\u00e9e des noms d&#039;utilisateur et mots de passe. A cette fin, le client devra prendre toutes les mesures n\u00e9cessaires pour assurer cette confidentialit\u00e9, cette s\u00e9curit\u00e9 et cette bonne utilisation et pour s&#039;assurer qu&#039;elles ne soient pas divulgu\u00e9es \u00e0 des tiers. Oscart exclut toute responsabilit\u00e9 \u00e9ventuelle pour les dommages qui pourraient survenir dans ce contexte. Le client doit \u00eatre responsable de la s\u00e9curit\u00e9 du syst\u00e8me.<\/p><p><b>Plaintes<\/b><br \/>Si vous avez une r\u00e9clamation concernant la mani\u00e8re dont vos donn\u00e9es personnelles sont trait\u00e9es ou concernant l&#039;exercice de vos droits, veuillez nous contacter directement. Vous avez toujours le droit de d\u00e9poser une plainte aupr\u00e8s de l&#039;autorit\u00e9 de contr\u00f4le dans le domaine de la protection de la vie priv\u00e9e :<\/p><p>Autorit\u00e9 de protection des donn\u00e9es (GBA)<br \/>Rue Drukpers 35, 1000 Bruxelles<br \/><a href=\"mailto:commission@privacycommission.be\" data-cke-saved-href=\"mailto:commission@privacycommission.be\">commission@privacycommission.be<\/a><\/p><p><b>Modifications de notre d\u00e9claration de confidentialit\u00e9<\/b><br \/>Oscart Group NV peut \u00e0 tout moment adapter sa d\u00e9claration de confidentialit\u00e9. Les modifications apport\u00e9es \u00e0 la d\u00e9claration de confidentialit\u00e9 sont toujours annonc\u00e9es sur notre site Web. La d\u00e9claration a \u00e9t\u00e9 modifi\u00e9e pour la derni\u00e8re fois le 7 juin 2018.<\/p>\t\t\t\t\t\t\t\t<\/div>\n\t\t\t\t<\/div>\n\t\t\t\t\t<\/div>\n\t\t\t\t<\/div>\n\t\t\t\t<\/div>","protected":false},"excerpt":{"rendered":"<p>Privacy policy Oscart Group NV hecht veel belang aan de bescherming van uw persoonlijke gegevens (en dat uw privacy wordt gerespecteerd). In deze privacyverklaring willen we duidelijke en transparante informatie verstrekken over welke gegevens we<\/p>","protected":false},"author":242907533,"featured_media":0,"parent":0,"menu_order":0,"comment_status":"closed","ping_status":"closed","template":"","meta":{"footnotes":""},"class_list":["post-172","page","type-page","status-publish","hentry"],"yoast_head":"<!-- This site is optimized with the Yoast SEO plugin v24.1 - https:\/\/yoast.com\/wordpress\/plugins\/seo\/ -->\n<title>Privacy Policy<\/title>\n<meta name=\"description\" content=\"Oscart Group NV hecht veel belang aan de bescherming van uw persoonlijke gegevens (en dat uw privacy wordt gerespecteerd).\" \/>\n<meta name=\"robots\" content=\"index, follow, max-snippet:-1, max-image-preview:large, max-video-preview:-1\" \/>\n<link rel=\"canonical\" href=\"https:\/\/www.oscart.eu\/fr\/privacy-policy\/\" \/>\n<meta property=\"og:locale\" content=\"fr_FR\" \/>\n<meta property=\"og:type\" content=\"article\" \/>\n<meta property=\"og:title\" content=\"Privacy Policy\" \/>\n<meta property=\"og:description\" content=\"Oscart Group NV hecht veel belang aan de bescherming van uw persoonlijke gegevens (en dat uw privacy wordt gerespecteerd).\" \/>\n<meta property=\"og:url\" content=\"https:\/\/www.oscart.eu\/fr\/privacy-policy\/\" \/>\n<meta property=\"og:site_name\" content=\"Oscart\" \/>\n<meta property=\"article:modified_time\" content=\"2026-04-25T09:36:00+00:00\" \/>\n<meta name=\"twitter:card\" content=\"summary_large_image\" \/>\n<meta name=\"twitter:label1\" content=\"Dur\u00e9e de lecture est.\" \/>\n\t<meta name=\"twitter:data1\" content=\"7 minutes\" \/>\n<script type=\"application\/ld+json\" class=\"yoast-schema-graph\">{\"@context\":\"https:\/\/schema.org\",\"@graph\":[{\"@type\":\"WebPage\",\"@id\":\"https:\/\/www.oscart.eu\/privacy-policy\/\",\"url\":\"https:\/\/www.oscart.eu\/privacy-policy\/\",\"name\":\"Privacy Policy\",\"isPartOf\":{\"@id\":\"https:\/\/www.oscart.eu\/#website\"},\"datePublished\":\"2023-12-04T13:39:33+00:00\",\"dateModified\":\"2026-04-25T09:36:00+00:00\",\"description\":\"Oscart Group NV hecht veel belang aan de bescherming van uw persoonlijke gegevens (en dat uw privacy wordt gerespecteerd).\",\"breadcrumb\":{\"@id\":\"https:\/\/www.oscart.eu\/privacy-policy\/#breadcrumb\"},\"inLanguage\":\"fr-BE\",\"potentialAction\":[{\"@type\":\"ReadAction\",\"target\":[\"https:\/\/www.oscart.eu\/privacy-policy\/\"]}]},{\"@type\":\"BreadcrumbList\",\"@id\":\"https:\/\/www.oscart.eu\/privacy-policy\/#breadcrumb\",\"itemListElement\":[{\"@type\":\"ListItem\",\"position\":1,\"name\":\"Home\",\"item\":\"https:\/\/www.oscart.eu\/\"},{\"@type\":\"ListItem\",\"position\":2,\"name\":\"Privacy Policy\"}]},{\"@type\":\"WebSite\",\"@id\":\"https:\/\/www.oscart.eu\/#website\",\"url\":\"https:\/\/www.oscart.eu\/\",\"name\":\"Oscart\",\"description\":\"Your story, your screen\",\"publisher\":{\"@id\":\"https:\/\/www.oscart.eu\/#organization\"},\"potentialAction\":[{\"@type\":\"SearchAction\",\"target\":{\"@type\":\"EntryPoint\",\"urlTemplate\":\"https:\/\/www.oscart.eu\/?s={search_term_string}\"},\"query-input\":{\"@type\":\"PropertyValueSpecification\",\"valueRequired\":true,\"valueName\":\"search_term_string\"}}],\"inLanguage\":\"fr-BE\"},{\"@type\":\"Organization\",\"@id\":\"https:\/\/www.oscart.eu\/#organization\",\"name\":\"Oscart\",\"url\":\"https:\/\/www.oscart.eu\/\",\"logo\":{\"@type\":\"ImageObject\",\"inLanguage\":\"fr-BE\",\"@id\":\"https:\/\/www.oscart.eu\/#\/schema\/logo\/image\/\",\"url\":\"https:\/\/www.oscart.eu\/wp-content\/uploads\/2024\/05\/logo-oscart.svg\",\"contentUrl\":\"https:\/\/www.oscart.eu\/wp-content\/uploads\/2024\/05\/logo-oscart.svg\",\"width\":250,\"height\":79,\"caption\":\"Oscart\"},\"image\":{\"@id\":\"https:\/\/www.oscart.eu\/#\/schema\/logo\/image\/\"}}]}<\/script>\n<!-- \/ Yoast SEO plugin. -->","yoast_head_json":{"title":"Privacy Policy","description":"Oscart Group NV hecht veel belang aan de bescherming van uw persoonlijke gegevens (en dat uw privacy wordt gerespecteerd).","robots":{"index":"index","follow":"follow","max-snippet":"max-snippet:-1","max-image-preview":"max-image-preview:large","max-video-preview":"max-video-preview:-1"},"canonical":"https:\/\/www.oscart.eu\/fr\/privacy-policy\/","og_locale":"fr_FR","og_type":"article","og_title":"Privacy Policy","og_description":"Oscart Group NV hecht veel belang aan de bescherming van uw persoonlijke gegevens (en dat uw privacy wordt gerespecteerd).","og_url":"https:\/\/www.oscart.eu\/fr\/privacy-policy\/","og_site_name":"Oscart","article_modified_time":"2026-04-25T09:36:00+00:00","twitter_card":"summary_large_image","twitter_misc":{"Dur\u00e9e de lecture est.":"7 minutes"},"schema":{"@context":"https:\/\/schema.org","@graph":[{"@type":"WebPage","@id":"https:\/\/www.oscart.eu\/privacy-policy\/","url":"https:\/\/www.oscart.eu\/privacy-policy\/","name":"Privacy Policy","isPartOf":{"@id":"https:\/\/www.oscart.eu\/#website"},"datePublished":"2023-12-04T13:39:33+00:00","dateModified":"2026-04-25T09:36:00+00:00","description":"Oscart Group NV hecht veel belang aan de bescherming van uw persoonlijke gegevens (en dat uw privacy wordt gerespecteerd).","breadcrumb":{"@id":"https:\/\/www.oscart.eu\/privacy-policy\/#breadcrumb"},"inLanguage":"fr-BE","potentialAction":[{"@type":"ReadAction","target":["https:\/\/www.oscart.eu\/privacy-policy\/"]}]},{"@type":"BreadcrumbList","@id":"https:\/\/www.oscart.eu\/privacy-policy\/#breadcrumb","itemListElement":[{"@type":"ListItem","position":1,"name":"Home","item":"https:\/\/www.oscart.eu\/"},{"@type":"ListItem","position":2,"name":"Privacy Policy"}]},{"@type":"WebSite","@id":"https:\/\/www.oscart.eu\/#website","url":"https:\/\/www.oscart.eu\/","name":"Oscart","description":"Votre histoire, votre \u00e9cran","publisher":{"@id":"https:\/\/www.oscart.eu\/#organization"},"potentialAction":[{"@type":"SearchAction","target":{"@type":"EntryPoint","urlTemplate":"https:\/\/www.oscart.eu\/?s={search_term_string}"},"query-input":{"@type":"PropertyValueSpecification","valueRequired":true,"valueName":"search_term_string"}}],"inLanguage":"fr-BE"},{"@type":"Organization","@id":"https:\/\/www.oscart.eu\/#organization","name":"Oscart","url":"https:\/\/www.oscart.eu\/","logo":{"@type":"ImageObject","inLanguage":"fr-BE","@id":"https:\/\/www.oscart.eu\/#\/schema\/logo\/image\/","url":"https:\/\/www.oscart.eu\/wp-content\/uploads\/2024\/05\/logo-oscart.svg","contentUrl":"https:\/\/www.oscart.eu\/wp-content\/uploads\/2024\/05\/logo-oscart.svg","width":250,"height":79,"caption":"Oscart"},"image":{"@id":"https:\/\/www.oscart.eu\/#\/schema\/logo\/image\/"}}]}},"_links":{"self":[{"href":"https:\/\/www.oscart.eu\/fr\/wp-json\/wp\/v2\/pages\/172","targetHints":{"allow":["GET"]}}],"collection":[{"href":"https:\/\/www.oscart.eu\/fr\/wp-json\/wp\/v2\/pages"}],"about":[{"href":"https:\/\/www.oscart.eu\/fr\/wp-json\/wp\/v2\/types\/page"}],"author":[{"embeddable":true,"href":"https:\/\/www.oscart.eu\/fr\/wp-json\/wp\/v2\/users\/242907533"}],"replies":[{"embeddable":true,"href":"https:\/\/www.oscart.eu\/fr\/wp-json\/wp\/v2\/comments?post=172"}],"version-history":[{"count":23,"href":"https:\/\/www.oscart.eu\/fr\/wp-json\/wp\/v2\/pages\/172\/revisions"}],"predecessor-version":[{"id":10945,"href":"https:\/\/www.oscart.eu\/fr\/wp-json\/wp\/v2\/pages\/172\/revisions\/10945"}],"wp:attachment":[{"href":"https:\/\/www.oscart.eu\/fr\/wp-json\/wp\/v2\/media?parent=172"}],"curies":[{"name":"wp","href":"https:\/\/api.w.org\/{rel}","templated":true}]}}